{"id":80,"date":"2014-08-09T00:23:57","date_gmt":"2014-08-09T04:23:57","guid":{"rendered":"http:\/\/hospitaldechillan.cl\/web\/?page_id=80"},"modified":"2025-04-29T13:49:27","modified_gmt":"2025-04-29T17:49:27","slug":"hospital-amigo","status":"publish","type":"page","link":"https:\/\/hospitaldechillan.cl\/web\/hospital-amigo\/","title":{"rendered":"Programa Hospital Amigo de la Familia"},"content":{"rendered":"<p>El programa <em>Hospital Amigo<\/em> es una estrategia impulsada por el Ministerio de Salud (MINSAL) que busca fortalecer el v\u00ednculo entre el equipo de salud y las personas usuarias, promoviendo un enfoque de atenci\u00f3n m\u00e1s humano, cercano y participativo. Este programa tambi\u00e9n se orienta a abrir los hospitales a la comunidad, transform\u00e1ndolos en espacios acogedores y amables que respondan efectivamente a las necesidades de la poblaci\u00f3n.<\/p>\n<p>El Hospital Amigo establece una serie de medidas destinadas a mejorar la experiencia de quienes interact\u00faan con los servicios hospitalarios, poniendo especial \u00e9nfasis en facilitar el acceso a informaci\u00f3n clara y oportuna y\u00a0 promover la integraci\u00f3n de las familias en los procesos de atenci\u00f3n.<\/p>\n<h3><strong>Las 13 medidas del programa Hospital Amigo:<\/strong><\/h3>\n<h4>1. Liderazgo y compromiso institucional<\/h4>\n<h4>2. Horarios de visitas para personas hospitalizadas en:<\/h4>\n<ul>\n<li>Camas b\u00e1sicas: al menos 6\u00a0 horas diarias<\/li>\n<li>Camas medias y cr\u00edticas: al menos 2 horas diarias<\/li>\n<\/ul>\n<p><a href=\"https:\/\/hospitaldechillan.cl\/web\/nuevos-horarios-de-visitas\/\"><strong>Ver horarios de visita<\/strong><\/a><\/p>\n<h4>3. Horarios de entrega de <a href=\"https:\/\/hospitaldechillan.cl\/web\/nuevos-horarios-de-visitas\/\">informaci\u00f3n m\u00e9dica del paciente al familiar<\/a> o persona responsable en los servicios de hospitalizaic\u00f3n.<\/h4>\n<h4>4. Identificaci\u00f3n visible de las personas hospitalizadas considerando su nombre social.<\/h4>\n<h4>5. Identificaci\u00f3n visible de las\/os funcionarias\/os.<\/h4>\n<h4>6. Entrega de informaci\u00f3n m\u00e9dica del paciente al familiar o persona responsable en la Unidad de Emergencia.<\/h4>\n<h4>7. Alimentacion asistida para pacientes hospitalizados de acuerdo con su condici\u00f3n cl\u00ednica e indicaci\u00f3n m\u00e9dica.<\/h4>\n<h4>8. Incorporaci\u00f3n de la familia o persona responsable al egreso hospitalario.<\/h4>\n<h4>9. <a href=\"https:\/\/hospitaldechillan.cl\/web\/derecho\/ley-mila\/\">Acompa\u00f1amiento diurno y nocturno<\/a> de ni\u00f1os, ni\u00f1as y adolescentes seg\u00fan Protocolo de la Ley Mila.<\/h4>\n<p><a href=\"https:\/\/hospitaldechillan.cl\/web\/derecho\/ley-mila\/\"><strong>Ir a Ley Mila<\/strong><\/a><\/p>\n<h4>10. <a href=\"https:\/\/hospitaldechillan.cl\/web\/derecho\/parto-respetado\/\">Acompa\u00f1amiento<\/a> significativo para mujeres o personas gestantes durante el proceso de parto.<\/h4>\n<p><a href=\"https:\/\/hospitaldechillan.cl\/web\/derecho\/parto-respetado\/\"><strong>Ir a Parto Respetado<\/strong><\/a><\/p>\n<h4>11. Acompa\u00f1amiento diurno y nocturno a personas mayores, con dependencia y\/o con discapacidad de acuerdo con su condici\u00f3n cl\u00ednica e indicaci\u00f3n m\u00e9dica.<\/h4>\n<h4>12. <a href=\"https:\/\/hospitaldechillan.cl\/web\/derecho\/acompanamiento-espiritual\/\">Acompa\u00f1amiento espiritual<\/a>, con sentido intercultural, a personas hospitalizadas si lo solicitan.<\/h4>\n<p><a href=\"https:\/\/hospitaldechillan.cl\/web\/derecho\/acompanamiento-espiritual\/\"><strong>Ir a Acompa\u00f1amiento Espiritual<\/strong><\/a><\/p>\n<h4>13. Acompa\u00f1amiento significativo diurno y nocturno a las personas en etapa final de su vida.<\/h4>\n<p>Con estas medidas, el programa Hospital Amigo busca construir un modelo de atenci\u00f3n m\u00e1s humano, que reconozca la importancia de la familia y los acompa\u00f1amientos significativos, fortaleciendo as\u00ed el rol social de los hospitales.<\/p>\n<h4><\/h4>\n","protected":false},"excerpt":{"rendered":"<p>El programa Hospital Amigo es una estrategia impulsada por el Ministerio de Salud (MINSAL) que busca fortalecer el v\u00ednculo entre el equipo de salud y las personas usuarias, promoviendo un enfoque de atenci\u00f3n m\u00e1s humano, cercano y participativo. Este programa tambi\u00e9n se orienta a abrir los hospitales a la comunidad, transform\u00e1ndolos en espacios acogedores y [&hellip;]<\/p>\n","protected":false},"author":2,"featured_media":12895,"parent":0,"menu_order":6,"comment_status":"open","ping_status":"closed","template":"","meta":{"_acf_changed":false,"_monsterinsights_skip_tracking":false,"_monsterinsights_sitenote_active":false,"_monsterinsights_sitenote_note":"","_monsterinsights_sitenote_category":0,"footnotes":""},"class_list":["post-80","page","type-page","status-publish","has-post-thumbnail","hentry"],"acf":[],"publishpress_future_workflow_manual_trigger":{"enabledWorkflows":[]},"_links":{"self":[{"href":"https:\/\/hospitaldechillan.cl\/web\/wp-json\/wp\/v2\/pages\/80","targetHints":{"allow":["GET"]}}],"collection":[{"href":"https:\/\/hospitaldechillan.cl\/web\/wp-json\/wp\/v2\/pages"}],"about":[{"href":"https:\/\/hospitaldechillan.cl\/web\/wp-json\/wp\/v2\/types\/page"}],"author":[{"embeddable":true,"href":"https:\/\/hospitaldechillan.cl\/web\/wp-json\/wp\/v2\/users\/2"}],"replies":[{"embeddable":true,"href":"https:\/\/hospitaldechillan.cl\/web\/wp-json\/wp\/v2\/comments?post=80"}],"version-history":[{"count":7,"href":"https:\/\/hospitaldechillan.cl\/web\/wp-json\/wp\/v2\/pages\/80\/revisions"}],"predecessor-version":[{"id":13507,"href":"https:\/\/hospitaldechillan.cl\/web\/wp-json\/wp\/v2\/pages\/80\/revisions\/13507"}],"wp:featuredmedia":[{"embeddable":true,"href":"https:\/\/hospitaldechillan.cl\/web\/wp-json\/wp\/v2\/media\/12895"}],"wp:attachment":[{"href":"https:\/\/hospitaldechillan.cl\/web\/wp-json\/wp\/v2\/media?parent=80"}],"curies":[{"name":"wp","href":"https:\/\/api.w.org\/{rel}","templated":true}]}}