{"id":7504,"date":"2020-09-03T10:17:04","date_gmt":"2020-09-03T14:17:04","guid":{"rendered":"http:\/\/hospitaldechillan.cl\/web\/?page_id=7504"},"modified":"2025-03-16T15:47:36","modified_gmt":"2025-03-16T19:47:36","slug":"dialogos-y-consultas-ciudadanas","status":"publish","type":"page","link":"https:\/\/hospitaldechillan.cl\/web\/participacion-ciudadana\/dialogos-y-consultas-ciudadanas\/","title":{"rendered":"Di\u00e1logos y Consultas Ciudadanas"},"content":{"rendered":"\n<p>Son espacios de encuentro entre\nla ciudadan\u00eda y autoridades del Estado (gubernamentales y municipales) para el\ndi\u00e1logo sobre materias de inter\u00e9s p\u00fablico. Es un proceso donde la ciudadan\u00eda\ncanaliza inquietudes, propuestas y soluciones en materias espec\u00edficas de\npol\u00edticas p\u00fablicas.<\/p>\n\n\n\n<p>Los Di\u00e1logos ayudan a promover\nespacios de encuentro y conversaci\u00f3n respecto de las pol\u00edticas p\u00fablicas, con\nactores sociales e institucionales. Adem\u00e1s, afianza una cultura de escucha y\ndecisi\u00f3n activa en la gesti\u00f3n de pol\u00edticas p\u00fablicas. Se ampl\u00eda la base de\nlegitimidad de las pol\u00edticas p\u00fablicas; se incorpora a la ciudadan\u00eda en la\ngesti\u00f3n p\u00fablica, es decir aplica el principio de la corresponsabilidad.<\/p>\n\n\n\n<div class=\"submenu\" style=\"margin-top:25px; padding:20px; box-shadow:#999 0px 2px 5px;\">\n\n<h4 style=\"margin-bottom:10px; padding-bottom:5px; border-bottom:#CCC 1px dotted;\">Contenidos Relacionados<\/h4>\n\n<ul>\n<li><a href=\"https:\/\/hospitaldechillan.cl\/web\/participacion-ciudadana\/\">Participaci\u00f3n Ciudadana<\/a><\/li>  \n\n<li><a href=\"https:\/\/hospitaldechillan.cl\/web\/consejo-consultivo-de-usuarios\/\">Consejo Consultivo de Usuarios<\/a><\/li>  \n\n<li><a href=\"https:\/\/hospitaldechillan.cl\/web\/acceso-a-la-informacion-publica-ley-n-20-285\">Acceso a la Informaci\u00f3n P\u00fablica, Ley N\u00b0 20.285<\/a><\/li> \n\n<li><a href=\"https:\/\/hospitaldechillan.cl\/web\/directorio-voluntariado\/\">Directorio Voluntariado<\/a><\/li>\n\n<li><a href=\"https:\/\/hospitaldechillan.cl\/web\/cabildos-ciudadanos-territoriales-y-sectoriales\/\">Cabildos ciudadanos, territoriales y sectoriales<\/a><\/li>\n\n<li><a href=\"https:\/\/hospitaldechillan.cl\/web\/comites-y-mesas-de-trabajo\/\">Comit\u00e9s y Mesas de Trabajo<\/a><\/li>\n\n<li><a href=\"https:\/\/hospitaldechillan.cl\/web\/consejos-consultivos-y-otras-instancias-de-participacion-cira\/\">Consejos Consultivos y Otras Instancias de Participaci\u00f3n \/ CIRA<\/a><\/li>\n\n<li><a href=\"https:\/\/hospitaldechillan.cl\/web\/consejos-de-la-sociedad-civil\/\">Consejos de la Sociedad Civil<\/a><\/li>\n\n<li><a href=\"https:\/\/hospitaldechillan.cl\/web\/cuentas-publicas-participativas\/\">Cuentas P\u00fablicas Participativas<\/a><\/li>\n\n<li><a href=\"https:\/\/hospitaldechillan.cl\/web\/estrategias-comunitarias-para-apoyar-las-acciones-en-salud-comite-de-gestion-de-solicitudes-ciudadanas\/\">Estrategias comunitarias para apoyar las acciones en Salud \/ Comit\u00e9 de Gesti\u00f3n de Solicitudes ciudadanas<\/a><\/li>\n\n<li><a href=\"https:\/\/hospitaldechillan.cl\/web\/presupuestos-participativos-en-salud\/\">Presupuestos participativos en salud<\/a><\/li>\n\n<\/ul><\/div>\n\n\n\n<p><\/p>\n","protected":false},"excerpt":{"rendered":"<p>Son espacios de encuentro entre la ciudadan\u00eda y autoridades del Estado (gubernamentales y municipales) para el di\u00e1logo sobre materias de inter\u00e9s p\u00fablico. Es un proceso donde la ciudadan\u00eda canaliza inquietudes, propuestas y soluciones en materias espec\u00edficas de pol\u00edticas p\u00fablicas. Los Di\u00e1logos ayudan a promover espacios de encuentro y conversaci\u00f3n respecto de las pol\u00edticas p\u00fablicas, con [&hellip;]<\/p>\n","protected":false},"author":8,"featured_media":0,"parent":72,"menu_order":6,"comment_status":"closed","ping_status":"closed","template":"","meta":{"_acf_changed":false,"_monsterinsights_skip_tracking":false,"_monsterinsights_sitenote_active":false,"_monsterinsights_sitenote_note":"","_monsterinsights_sitenote_category":0,"footnotes":""},"class_list":["post-7504","page","type-page","status-publish","hentry"],"acf":[],"publishpress_future_workflow_manual_trigger":{"enabledWorkflows":[]},"_links":{"self":[{"href":"https:\/\/hospitaldechillan.cl\/web\/wp-json\/wp\/v2\/pages\/7504","targetHints":{"allow":["GET"]}}],"collection":[{"href":"https:\/\/hospitaldechillan.cl\/web\/wp-json\/wp\/v2\/pages"}],"about":[{"href":"https:\/\/hospitaldechillan.cl\/web\/wp-json\/wp\/v2\/types\/page"}],"author":[{"embeddable":true,"href":"https:\/\/hospitaldechillan.cl\/web\/wp-json\/wp\/v2\/users\/8"}],"replies":[{"embeddable":true,"href":"https:\/\/hospitaldechillan.cl\/web\/wp-json\/wp\/v2\/comments?post=7504"}],"version-history":[{"count":1,"href":"https:\/\/hospitaldechillan.cl\/web\/wp-json\/wp\/v2\/pages\/7504\/revisions"}],"predecessor-version":[{"id":12482,"href":"https:\/\/hospitaldechillan.cl\/web\/wp-json\/wp\/v2\/pages\/7504\/revisions\/12482"}],"up":[{"embeddable":true,"href":"https:\/\/hospitaldechillan.cl\/web\/wp-json\/wp\/v2\/pages\/72"}],"wp:attachment":[{"href":"https:\/\/hospitaldechillan.cl\/web\/wp-json\/wp\/v2\/media?parent=7504"}],"curies":[{"name":"wp","href":"https:\/\/api.w.org\/{rel}","templated":true}]}}