{"id":7488,"date":"2020-09-03T10:09:39","date_gmt":"2020-09-03T14:09:39","guid":{"rendered":"http:\/\/hospitaldechillan.cl\/web\/?page_id=7488"},"modified":"2020-09-03T16:53:57","modified_gmt":"2020-09-03T20:53:57","slug":"directorio-voluntariado","status":"publish","type":"page","link":"https:\/\/hospitaldechillan.cl\/web\/directorio-voluntariado\/","title":{"rendered":"Directorio Voluntariado"},"content":{"rendered":"\n<p>Son organizaciones de\nvoluntariado las organizaciones de inter\u00e9s P\u00fablico cuya actividad principal se\nrealiza con un prop\u00f3sito solidario, a favor de terceros, y se lleva a cabo en\nforma libre, sistem\u00e1tica y regular, sin pagar remuneraci\u00f3n a sus\nparticipantes.\u00bb<\/p>\n\n\n\n<p>Pueden participar todos los\ngrupos de autoayuda y agrupaciones de voluntariados que dentro de sus fines\npersigan la ayuda mutua y la consecuci\u00f3n de un prop\u00f3sito espec\u00edfico. Estos\ngrupos est\u00e1n integrados habitualmente por iguales que se re\u00fanen para ayudarse\nmutuamente en la satisfacci\u00f3n de una necesidad com\u00fan.<\/p>\n\n\n\n<p>Tienen como objetivo apoyar a las\npersonas a superar los problemas que trastornan la vida cotidiana, y conseguir\ncambios sociales\/o personales deseados, promover la autenticidad, igualdad de\nderechos, di\u00e1logo conjunto y ayuda mutua. Su meta es el cambio de sus\ncircunstancias personales y tambi\u00e9n obtener frecuentemente un efecto interno en\nsu ambiente social y pol\u00edtico.<\/p>\n\n\n\n<figure class=\"wp-block-image\"><img loading=\"lazy\" decoding=\"async\" width=\"640\" height=\"280\" src=\"https:\/\/hospitaldechillan.cl\/web\/wp-content_Hos\/uploads\/2020\/09\/v2-02-640x280.jpg\" alt=\"\" class=\"wp-image-7693\" srcset=\"https:\/\/hospitaldechillan.cl\/web\/wp-content\/uploads\/2020\/09\/v2-02-640x280.jpg 640w, https:\/\/hospitaldechillan.cl\/web\/wp-content\/uploads\/2020\/09\/v2-02-768x336.jpg 768w, https:\/\/hospitaldechillan.cl\/web\/wp-content\/uploads\/2020\/09\/v2-02-1200x525.jpg 1200w\" sizes=\"auto, (max-width: 640px) 100vw, 640px\" \/><\/figure>\n\n\n\n<div class=\"submenu\" style=\"margin-top:25px; padding:20px; box-shadow:#999 0px 2px 5px;\">\n\n<h4 style=\"margin-bottom:10px; padding-bottom:5px; border-bottom:#CCC 1px dotted;\">Contenidos Relacionados<\/h4>\n\n<ul>\n<li><a href=\"https:\/\/hospitaldechillan.cl\/web\/participacion-ciudadana\/\">Participaci\u00f3n Ciudadana<\/a><\/li>  \n\n<li><a href=\"https:\/\/hospitaldechillan.cl\/web\/consejo-consultivo-de-usuarios\/\">Consejo Consultivo de Usuarios<\/a><\/li>  \n\n<li><a href=\"https:\/\/hospitaldechillan.cl\/web\/acceso-a-la-informacion-publica-ley-n-20-285\">Acceso a la Informaci\u00f3n P\u00fablica, Ley N\u00b0 20.285<\/a><\/li> \n\n<li><a href=\"https:\/\/hospitaldechillan.cl\/web\/cabildos-ciudadanos-territoriales-y-sectoriales\/\">Cabildos ciudadanos, territoriales y sectoriales<\/a><\/li>\n\n<li><a href=\"https:\/\/hospitaldechillan.cl\/web\/comites-y-mesas-de-trabajo\/\">Comit\u00e9s y Mesas de Trabajo<\/a><\/li>\n\n<li><a href=\"https:\/\/hospitaldechillan.cl\/web\/consejos-consultivos-y-otras-instancias-de-participacion-cira\/\">Consejos Consultivos y Otras Instancias de Participaci\u00f3n \/ CIRA<\/a><\/li>\n\n<li><a href=\"https:\/\/hospitaldechillan.cl\/web\/consejos-de-la-sociedad-civil\/\">Consejos de la Sociedad Civil<\/a><\/li>\n\n<li><a href=\"https:\/\/hospitaldechillan.cl\/web\/cuentas-publicas-participativas\/\">Cuentas P\u00fablicas Participativas<\/a><\/li>\n\n<li><a href=\"https:\/\/hospitaldechillan.cl\/web\/dialogos-y-consultas-ciudadanas\/\">Di\u00e1logos y Consultas Ciudadanas<\/a><\/li>\n\n<li><a href=\"https:\/\/hospitaldechillan.cl\/web\/estrategias-comunitarias-para-apoyar-las-acciones-en-salud-comite-de-gestion-de-solicitudes-ciudadanas\/\">Estrategias comunitarias para apoyar las acciones en Salud \/ Comit\u00e9 de Gesti\u00f3n de Solicitudes ciudadanas<\/a><\/li>\n\n<li><a href=\"https:\/\/hospitaldechillan.cl\/web\/presupuestos-participativos-en-salud\/\">Presupuestos participativos en salud<\/a><\/li>\n\n<\/ul><\/div>\n","protected":false},"excerpt":{"rendered":"<p>Son organizaciones de voluntariado las organizaciones de inter\u00e9s P\u00fablico cuya actividad principal se realiza con un prop\u00f3sito solidario, a favor de terceros, y se lleva a cabo en forma libre, sistem\u00e1tica y regular, sin pagar remuneraci\u00f3n a sus participantes.\u00bb Pueden participar todos los grupos de autoayuda y agrupaciones de voluntariados que dentro de sus fines [&hellip;]<\/p>\n","protected":false},"author":8,"featured_media":0,"parent":0,"menu_order":0,"comment_status":"closed","ping_status":"closed","template":"","meta":{"_acf_changed":false,"_monsterinsights_skip_tracking":false,"_monsterinsights_sitenote_active":false,"_monsterinsights_sitenote_note":"","_monsterinsights_sitenote_category":0,"footnotes":""},"class_list":["post-7488","page","type-page","status-publish","hentry"],"acf":[],"publishpress_future_workflow_manual_trigger":{"enabledWorkflows":[]},"_links":{"self":[{"href":"https:\/\/hospitaldechillan.cl\/web\/wp-json\/wp\/v2\/pages\/7488","targetHints":{"allow":["GET"]}}],"collection":[{"href":"https:\/\/hospitaldechillan.cl\/web\/wp-json\/wp\/v2\/pages"}],"about":[{"href":"https:\/\/hospitaldechillan.cl\/web\/wp-json\/wp\/v2\/types\/page"}],"author":[{"embeddable":true,"href":"https:\/\/hospitaldechillan.cl\/web\/wp-json\/wp\/v2\/users\/8"}],"replies":[{"embeddable":true,"href":"https:\/\/hospitaldechillan.cl\/web\/wp-json\/wp\/v2\/comments?post=7488"}],"version-history":[{"count":0,"href":"https:\/\/hospitaldechillan.cl\/web\/wp-json\/wp\/v2\/pages\/7488\/revisions"}],"wp:attachment":[{"href":"https:\/\/hospitaldechillan.cl\/web\/wp-json\/wp\/v2\/media?parent=7488"}],"curies":[{"name":"wp","href":"https:\/\/api.w.org\/{rel}","templated":true}]}}