{"id":72,"date":"2014-08-09T00:17:20","date_gmt":"2014-08-09T04:17:20","guid":{"rendered":"http:\/\/hospitaldechillan.cl\/web\/?page_id=72"},"modified":"2025-06-24T20:50:40","modified_gmt":"2025-06-25T00:50:40","slug":"participacion-ciudadana","status":"publish","type":"page","link":"https:\/\/hospitaldechillan.cl\/web\/participacion-ciudadana\/","title":{"rendered":"Participaci\u00f3n Ciudadana"},"content":{"rendered":"<div id=\"acceso\" class=\"BLOQUE\">\n<h4>1. Acceso a la informaci\u00f3n p\u00fablica<\/h4>\n<p>Para acceder a la informaci\u00f3n p\u00fablica, \u00a0puedes hacerlo por los siguientes medios:<\/p>\n<ol>\n<li><strong>V\u00eda electr\u00f3nica<\/strong>: Completa la solicitud ingresando <strong><a href=\"https:\/\/www.portaltransparencia.cl\/PortalPdT\/ingreso-sai-v2?idOrg=934\" target=\"_blank\" rel=\"noopener\">aqu\u00ed<\/a><\/strong>.<\/li>\n<li><strong>De forma presencial o por carta<\/strong>: Rellena un formulario o redacta una carta y entr\u00e9guela en la OIRS (Oficina de Informaci\u00f3n, Reclamos y Sugerencias) o en la Oficina de Partes.<\/li>\n<\/ol>\n<p><strong>De acuerdo con la Ley de Transparencia, la solicitud debe incluir:<\/strong><\/p>\n<ul>\n<li>Nombre y apellido.<\/li>\n<li>Direcci\u00f3n de correo f\u00edsico o electr\u00f3nico donde deseas recibir la informaci\u00f3n.<\/li>\n<li>Una descripci\u00f3n clara de la informaci\u00f3n o los documentos solicitados.<\/li>\n<\/ul>\n<p><strong>Al presentar la solicitud, ten en cuenta lo siguiente:<\/strong><\/p>\n<ul>\n<li>No es obligatorio proporcionar el RUT ni m\u00e1s informaci\u00f3n personal que la solicitada.<\/li>\n<li>No necesita justificar el motivo de la solicitud ni explicar el uso que se dar\u00e1 a la informaci\u00f3n.<\/li>\n<\/ul>\n<p>Si tiene dudas o requieres orientaci\u00f3n, puede acercarse a nuestras OIRS.<\/p>\n<\/div>\n<div id=\"atencion\" class=\"BLOQUE\">\n<h4>2. Sistema Integral de Atenci\u00f3n Ciudadana<\/h4>\n<p>La <strong><a href=\"https:\/\/hospitaldechillan.cl\/web\/opciones\/oirs\/\">Oficina de Informaciones, Reclamos y Sugerencias (OIRS)<\/a><\/strong> es el canal oficial para que la ciudadan\u00eda ejerza su derecho a informarse, sugerir, reclamar o felicitar sobre diversos aspectos del quehacer hospitalario. Este incluye atenci\u00f3n, derechos, beneficios y tr\u00e1mites, en cumplimiento de la Ley N.\u00ba 19.880.<\/p>\n<p>A trav\u00e9s de la OIRS, se garantiza un acceso oportuno y sin discriminaci\u00f3n, promoviendo el ejercicio de derechos y el cumplimiento de deberes, con el prop\u00f3sito de fortalecer un Estado al servicio de todas y todos.<\/p>\n<p>\u00bfC\u00f3mo realizar tu solicitud ciudadana?<\/p>\n<p>Haz <a href=\"https:\/\/hospitaldechillan.cl\/web\/opciones\/oirs\/\"><strong>clic aqu\u00ed<\/strong><\/a> para iniciar tu solicitud.<\/p>\n<\/div>\n<div id=\"cuenta\" class=\"BLOQUE\">\n<h4>3. Cuentas P\u00fablicas<\/h4>\n<p>Son espacios de di\u00e1logo donde las autoridades informan a la ciudadan\u00eda sobre su gesti\u00f3n, permitiendo el control social y recogiendo opiniones para mejorar las acciones proyectadas.<\/p>\n<div class=\"BLOQUE\">\n<h5>Ver Cuenta P\u00fablica 2025 (Gesti\u00f3n 2024)<\/h5>\n<p><a href=\"https:\/\/hospitaldechillan.cl\/web\/wp-content\/uploads\/2025\/06\/Cuenta-Publica-2025.pdf\" target=\"_blank\"><img decoding=\"async\" src=\"https:\/\/hospitaldechillan.cl\/web\/wp-content\/uploads\/2025\/06\/Cuenta-Publica-2025-pdf.jpg\" style=\"width:35%; min-width:250px; height:auto;\"><\/a>\n<\/div>\n<\/div>\n<div id=\"consejos\" class=\"BLOQUE\">\n<h4>4. Consejos Consultivos<\/h4>\n<p>\u00d3rganos representativos que involucran actores sociales en la formulaci\u00f3n y evaluaci\u00f3n de pol\u00edticas de salud, con reglas claras para su conformaci\u00f3n y renovaci\u00f3n democr\u00e1tica.<\/p>\n<\/div>\n<div class=\"BLOQUE\">\n<h4>5. Grupos, Comit\u00e9s y Mesas de Trabajo<\/h4>\n<p>Instancias colaborativas con sociedad civil para dise\u00f1ar, implementar y evaluar pol\u00edticas de salud, promoviendo su incidencia en decisiones clave.<\/p>\n<\/div>\n<div id=\"dialogos\" class=\"BLOQUE\">\n<h4>6. Di\u00e1logos y Consultas Ciudadanas<\/h4>\n<p>Procesos participativos que abordan temas emergentes, normativas, tecnolog\u00edas o necesidades de la poblaci\u00f3n para orientar decisiones en salud.<\/p>\n<\/div>\n<div id=\"cabildos\" class=\"BLOQUE\">\n<h4>7. Cabildos Ciudadanos<\/h4>\n<p>Reuniones territoriales o sectoriales para recoger las demandas locales y definir respuestas del sector salud que satisfagan esas necesidades.<\/p>\n<\/div>\n<div id=\"presupuestos\" class=\"BLOQUE\">\n<h4>8. Presupuestos Participativos<\/h4>\n<p>Procesos donde la ciudadan\u00eda propone y decide sobre el uso de recursos p\u00fablicos para mejorar infraestructura, promoci\u00f3n y calidad de los servicios de salud.<\/p>\n<\/div>\n<div id=\"proyectos\" class=\"BLOQUE\">\n<h4>9. Proyectos de Inversi\u00f3n<\/h4>\n<p>La participaci\u00f3n ciudadana es clave en todas las etapas de proyectos de infraestructura, desde el dise\u00f1o hasta la puesta en marcha, asegurando su pertinencia.<\/p>\n<\/div>\n<div id=\"voluntariado\" class=\"BLOQUE\">\n<h4>10. Apoyo al Voluntariado en salud<\/h4>\n<p>Fomento de acciones de voluntariado en prevenci\u00f3n, promoci\u00f3n y rehabilitaci\u00f3n, articul\u00e1ndolas con el sistema de salud y asegurando su impacto positivo.<\/p>\n<p><a href=\"https:\/\/hospitaldechillan.cl\/web\/derecho\/voluntariado\/\"><strong>Ir a Voluntariado<\/strong><\/a><\/p>\n<\/div>\n<div id=\"estrategias\" class=\"BLOQUE\">\n<h4>11. Estrategias Comunitarias para apoyar acciones en salud<\/h4>\n<p>Iniciativas que integran a la comunidad en objetivos sanitarios, gestionadas intersectorialmente y con un enfoque en la transferencia de conocimientos.<\/p>\n<\/div>\n<div id=\"plataformas\" class=\"BLOQUE\">\n<h4>12. Plataformas Digitales Participativas<\/h4>\n<p>Herramientas en l\u00ednea que facilitan la participaci\u00f3n en consultas, el acceso a informaci\u00f3n y el ejercicio de derechos, con espacios dedicados en el sitio web institucional: <a href=\"https:\/\/hospitaldechillan.cl\"><strong>https:\/\/hospitaldechillan.cl<\/strong><\/a><\/p>\n<\/div>\n","protected":false},"excerpt":{"rendered":"<p>1. Acceso a la informaci\u00f3n p\u00fablica Para acceder a la informaci\u00f3n p\u00fablica, \u00a0puedes hacerlo por los siguientes medios: V\u00eda electr\u00f3nica: Completa la solicitud ingresando aqu\u00ed. De forma presencial o por carta: Rellena un formulario o redacta una carta y entr\u00e9guela en la OIRS (Oficina de Informaci\u00f3n, Reclamos y Sugerencias) o en la Oficina de Partes. [&hellip;]<\/p>\n","protected":false},"author":2,"featured_media":0,"parent":0,"menu_order":5,"comment_status":"open","ping_status":"closed","template":"","meta":{"_acf_changed":false,"_monsterinsights_skip_tracking":false,"_monsterinsights_sitenote_active":false,"_monsterinsights_sitenote_note":"","_monsterinsights_sitenote_category":0,"footnotes":""},"class_list":["post-72","page","type-page","status-publish","hentry"],"acf":[],"publishpress_future_workflow_manual_trigger":{"enabledWorkflows":[]},"_links":{"self":[{"href":"https:\/\/hospitaldechillan.cl\/web\/wp-json\/wp\/v2\/pages\/72","targetHints":{"allow":["GET"]}}],"collection":[{"href":"https:\/\/hospitaldechillan.cl\/web\/wp-json\/wp\/v2\/pages"}],"about":[{"href":"https:\/\/hospitaldechillan.cl\/web\/wp-json\/wp\/v2\/types\/page"}],"author":[{"embeddable":true,"href":"https:\/\/hospitaldechillan.cl\/web\/wp-json\/wp\/v2\/users\/2"}],"replies":[{"embeddable":true,"href":"https:\/\/hospitaldechillan.cl\/web\/wp-json\/wp\/v2\/comments?post=72"}],"version-history":[{"count":16,"href":"https:\/\/hospitaldechillan.cl\/web\/wp-json\/wp\/v2\/pages\/72\/revisions"}],"predecessor-version":[{"id":13943,"href":"https:\/\/hospitaldechillan.cl\/web\/wp-json\/wp\/v2\/pages\/72\/revisions\/13943"}],"wp:attachment":[{"href":"https:\/\/hospitaldechillan.cl\/web\/wp-json\/wp\/v2\/media?parent=72"}],"curies":[{"name":"wp","href":"https:\/\/api.w.org\/{rel}","templated":true}]}}