{"id":69,"date":"2014-08-09T00:12:09","date_gmt":"2014-08-09T04:12:09","guid":{"rendered":"http:\/\/hospitaldechillan.cl\/web\/?page_id=69"},"modified":"2025-04-29T13:59:00","modified_gmt":"2025-04-29T17:59:00","slug":"telefonos","status":"publish","type":"page","link":"https:\/\/hospitaldechillan.cl\/web\/telefonos\/","title":{"rendered":"Tel\u00e9fonos de Informaciones de Personas Hospitalizadas"},"content":{"rendered":"<h3><strong>Informaci\u00f3n de personas hospitalizadas:<\/strong><\/h3>\n<ul>\n<li><strong>M\u00f3dulos A, B, C, D, Medicina, Neurolog\u00eda, Obstetricia y Ginecolog\u00eda, Psiquiatr\u00eda:<\/strong>\n<ul>\n<li><strong>Tel\u00e9fono:<\/strong> 42 2586788<\/li>\n<li><strong>Horario:<\/strong> Lunes a domingo, de 08:00 a 19:00 hrs.<\/li>\n<\/ul>\n<\/li>\n<\/ul>\n<ul>\n<li><strong>Unidad de Paciente Cr\u00edtico Adulto, Pediatr\u00eda y Cirug\u00eda Infantil:<\/strong>\n<ul>\n<li><strong>Tel\u00e9fono:<\/strong> 42 2587400<\/li>\n<li><strong>Horario:<\/strong> Lunes a jueves: 08:00 a 17:00 hrs.Viernes: 08:00 a 16:00 hrs.<\/li>\n<li>S\u00e1bado, domingo y festivos de 08:00 a 19:00 hrs.<\/li>\n<\/ul>\n<\/li>\n<\/ul>\n<h3><strong>Informaciones en la Unidad de Emergencia: <\/strong><\/h3>\n<ul>\n<li><strong>Tel\u00e9fono:<\/strong> 42 2586935<\/li>\n<li><strong>Horario:<\/strong> Disponible las 24 horas, todos los d\u00edas.<\/li>\n<\/ul>\n<h3><strong>Informaciones en el Centro Ambulatorio de Especialidades: <\/strong><\/h3>\n<ul>\n<li><strong>Tel\u00e9fono:<\/strong> 42 2586789<\/li>\n<li><strong>Horario: <\/strong>Lunes a jueves: 08:00 a 17:00 hrs.<\/li>\n<li>Viernes: 08:00 a 16:00 hrs.<\/li>\n<\/ul>\n<p>&nbsp;<\/p>\n<p><strong>Nota:<\/strong> Recuerda que solo se entregar\u00e1 informaci\u00f3n general del estado de salud del\/a paciente. Los detalles de su condici\u00f3n ser\u00e1n comunicados \u00fanicamente a \u00e9l o ella, o bien a su familiar responsable.<\/p>\n","protected":false},"excerpt":{"rendered":"<p>Informaci\u00f3n de personas hospitalizadas: M\u00f3dulos A, B, C, D, Medicina, Neurolog\u00eda, Obstetricia y Ginecolog\u00eda, Psiquiatr\u00eda: Tel\u00e9fono: 42 2586788 Horario: Lunes a domingo, de 08:00 a 19:00 hrs. Unidad de Paciente Cr\u00edtico Adulto, Pediatr\u00eda y Cirug\u00eda Infantil: Tel\u00e9fono: 42 2587400 Horario: Lunes a jueves: 08:00 a 17:00 hrs.Viernes: 08:00 a 16:00 hrs. S\u00e1bado, domingo y festivos [&hellip;]<\/p>\n","protected":false},"author":2,"featured_media":12927,"parent":0,"menu_order":4,"comment_status":"open","ping_status":"closed","template":"","meta":{"_acf_changed":false,"_monsterinsights_skip_tracking":false,"_monsterinsights_sitenote_active":false,"_monsterinsights_sitenote_note":"","_monsterinsights_sitenote_category":0,"footnotes":""},"class_list":["post-69","page","type-page","status-publish","has-post-thumbnail","hentry"],"acf":[],"publishpress_future_workflow_manual_trigger":{"enabledWorkflows":[]},"_links":{"self":[{"href":"https:\/\/hospitaldechillan.cl\/web\/wp-json\/wp\/v2\/pages\/69","targetHints":{"allow":["GET"]}}],"collection":[{"href":"https:\/\/hospitaldechillan.cl\/web\/wp-json\/wp\/v2\/pages"}],"about":[{"href":"https:\/\/hospitaldechillan.cl\/web\/wp-json\/wp\/v2\/types\/page"}],"author":[{"embeddable":true,"href":"https:\/\/hospitaldechillan.cl\/web\/wp-json\/wp\/v2\/users\/2"}],"replies":[{"embeddable":true,"href":"https:\/\/hospitaldechillan.cl\/web\/wp-json\/wp\/v2\/comments?post=69"}],"version-history":[{"count":3,"href":"https:\/\/hospitaldechillan.cl\/web\/wp-json\/wp\/v2\/pages\/69\/revisions"}],"predecessor-version":[{"id":13512,"href":"https:\/\/hospitaldechillan.cl\/web\/wp-json\/wp\/v2\/pages\/69\/revisions\/13512"}],"wp:featuredmedia":[{"embeddable":true,"href":"https:\/\/hospitaldechillan.cl\/web\/wp-json\/wp\/v2\/media\/12927"}],"wp:attachment":[{"href":"https:\/\/hospitaldechillan.cl\/web\/wp-json\/wp\/v2\/media?parent=69"}],"curies":[{"name":"wp","href":"https:\/\/api.w.org\/{rel}","templated":true}]}}