{"id":6822,"date":"2020-03-16T15:01:12","date_gmt":"2020-03-16T19:01:12","guid":{"rendered":"http:\/\/hospitaldechillan.cl\/web\/?page_id=6822"},"modified":"2025-05-29T14:24:08","modified_gmt":"2025-05-29T18:24:08","slug":"nuevos-horarios-de-visitas","status":"publish","type":"page","link":"https:\/\/hospitaldechillan.cl\/web\/nuevos-horarios-de-visitas\/","title":{"rendered":"Horarios de visitas"},"content":{"rendered":"<div class=\"BLOQUE\">\n<h3>Estos son los horarios e indicaciones para las visitas de las y los pacientes dependiendo del acceso y servicio en que se encuentren hospitalizados:<\/h3>\n<p><!-- Francisco Ram\u00edrez --><\/p>\n<div class=\"BLOQUE\">\n<h4>Acceso de Visitas por Francisco Ram\u00edrez<\/h4>\n<table class=\"Tabla\">\n<tbody>\n<tr>\n<td><strong>M\u00f3dulos A, B y C<\/strong><\/td>\n<td style=\"text-align: right;\">12:00 a 15:00 horas<\/td>\n<\/tr>\n<tr>\n<td><strong>M\u00f3dulos D<\/strong><\/td>\n<td style=\"text-align: right;\">12:00 a 18:00 horas<\/td>\n<\/tr>\n<tr>\n<td><strong>Psiquiatr\u00eda Adulto y Psiquiatr\u00eda Infanto Juvenil<\/strong><\/td>\n<td style=\"text-align: right;\">15:30 a 17:30 horas<\/td>\n<\/tr>\n<tr>\n<td><strong>Neurolog\u00eda<\/strong><\/td>\n<td style=\"text-align: right;\">13:00 a 15:00 horas<\/td>\n<\/tr>\n<tr>\n<td><strong>Medicina<\/strong><\/td>\n<td style=\"text-align: right;\">12:00 a 18:00 horas<\/td>\n<\/tr>\n<tr>\n<td><strong>Anestesia y Pabellones (Recuperaci\u00f3n)<\/strong><\/td>\n<td style=\"text-align: right;\">12:00 a 15:00 horas<\/td>\n<\/tr>\n<tr>\n<td><strong>UTI M\u00e9dica (Sala 14)<\/strong><\/td>\n<td style=\"text-align: right;\">13:00 a 15:00 horas<\/td>\n<\/tr>\n<tr>\n<td><strong>Obstetricia y Ginecolog\u00eda<\/strong><\/td>\n<td style=\"text-align: right;\">12:00 a 14:00 horas<br \/>\n15:00 a 19:00 horas<\/td>\n<\/tr>\n<tr>\n<td><strong>Obstetricia y Ginecolog\u00eda (Sala 4)<\/strong><\/td>\n<td style=\"text-align: right;\">15:00 a 17:00 horas<\/td>\n<\/tr>\n<tr>\n<td><strong>Servicio de Anestesia y Pabellones<\/strong><\/td>\n<td style=\"text-align: right;\">12:00 a 15:00 horas<\/td>\n<\/tr>\n<\/tbody>\n<\/table>\n<\/div>\n<p><!-- \/ Francisco Ram\u00edrez --><\/p>\n<p><!-- Urgencia Pedi\u00e1trica --><\/p>\n<div class=\"BLOQUE\">\n<h4>Acceso de Visitas por Urgencia de Obstetricia y Ginecolog\u00eda<\/h4>\n<table class=\"Tabla\">\n<tbody>\n<tr>\n<td><strong>UTI M\u00e9dico Quir\u00fargica (Salas 1 y 2)<\/strong><\/td>\n<td style=\"text-align: right;\">13:00 a 15:00 horas<\/td>\n<\/tr>\n<\/tbody>\n<\/table>\n<\/div>\n<p><!-- \/ Urgencia Pedi\u00e1trica --><\/p>\n<p><!-- Av. Argentina --><\/p>\n<div class=\"BLOQUE\">\n<h4>Acceso de Visitas por Av. Argentina<\/h4>\n<table class=\"Tabla\">\n<tbody>\n<tr>\n<td><strong>Unidad de Paciente Cr\u00edtico Adulto<\/strong><\/td>\n<td style=\"text-align: right;\">13:00 a 15:00 horas<\/td>\n<\/tr>\n<tr>\n<td><strong>Unidad de Paciente Cr\u00edtico Infantil<\/strong><\/td>\n<td style=\"text-align: right;\">Acompa\u00f1amiento 24 horas<\/td>\n<\/tr>\n<tr>\n<td><strong>Pediatr\u00eda y Cirug\u00eda Infantil <\/strong><\/td>\n<td style=\"text-align: right;\">Acompa\u00f1amiento 24 horas<\/td>\n<\/tr>\n<tr>\n<td><strong>Unidad de Neonatolog\u00eda<\/strong><\/td>\n<td style=\"text-align: right;\">Acompa\u00f1amiento 24 horas<\/td>\n<\/tr>\n<\/tbody>\n<\/table>\n<\/div>\n<\/div>\n<div style=\"margin: 25px 0;\"><big>Consultas e informaciones: <strong>42-2586788<\/strong><\/big><\/div>\n<p><strong>Importante:<\/strong> \u00abPor razones sanitarias o contingencias asistenciales, los horarios de visita est\u00e1n sujetos a cambios\u201d.<\/p>\n<p><strong>Durante la visita, respeta los derechos de las personas hospitalizadas<\/strong><\/p>\n<p>Recibir visitas durante la hospitalizaci\u00f3n es fundamental para el bienestar de las y los pacientes. Adem\u00e1s, brinda a los familiares la oportunidad de involucrarse en sus cuidados y aprender c\u00f3mo apoyarlos cuando sean dados de alta.<\/p>\n<h3>Para que la experiencia sea positiva y respetuosa para todos y todas, sigue estas recomendaciones:<\/h3>\n<h4><strong>Prepara tu visita.<\/strong><\/h4>\n<p>Llega 15 minutos antes del inicio del horario de visitas para tener tiempo suficiente para registrarte.<\/p>\n<h4><strong>Respeta al personal de salud.<\/strong><\/h4>\n<p>Durante la visita sigue las indicaciones del equipo que cuida de tu familiar. Recuerda que su trabajo es asegurar la mejor atenci\u00f3n posible y mantener un entorno seguro para todos\/as.<\/p>\n<h4><strong>Mant\u00e9n un ambiente respetuoso.<\/strong><\/h4>\n<p>En la sala de hospitalizaci\u00f3n:<\/p>\n<ul>\n<li>Respeta la privacidad de las dem\u00e1s personas.<\/li>\n<li>Habla en un tono de voz moderado y evita usar el celular para garantizar un ambiente tranquilo y agradable.<\/li>\n<\/ul>\n<h4><strong>Consulta sobre la alimentaci\u00f3n.<\/strong><\/h4>\n<p>La dieta del\/a paciente est\u00e1 indicada por el equipo m\u00e9dico. No traigas alimentos sin antes consultar al personal de salud.<\/p>\n<h4><strong>Evita visitar si est\u00e1s enfermo\/a.<\/strong><\/h4>\n<p>Si presentas s\u00edntomas de resfriado, fiebre u otra enfermedad, no visites a personas hospitalizadas. Es una medida clave para proteger su salud.<\/p>\n","protected":false},"excerpt":{"rendered":"<p>Estos son los horarios e indicaciones para las visitas de las y los pacientes dependiendo del acceso y servicio en que se encuentren hospitalizados: Acceso de Visitas por Francisco Ram\u00edrez M\u00f3dulos A, B y C 12:00 a 15:00 horas M\u00f3dulos D 12:00 a 18:00 horas Psiquiatr\u00eda Adulto y Psiquiatr\u00eda Infanto Juvenil 15:30 a 17:30 horas [&hellip;]<\/p>\n","protected":false},"author":3,"featured_media":12980,"parent":0,"menu_order":2,"comment_status":"open","ping_status":"closed","template":"","meta":{"_acf_changed":false,"_monsterinsights_skip_tracking":false,"_monsterinsights_sitenote_active":false,"_monsterinsights_sitenote_note":"","_monsterinsights_sitenote_category":0,"footnotes":""},"class_list":["post-6822","page","type-page","status-publish","has-post-thumbnail","hentry"],"acf":[],"publishpress_future_workflow_manual_trigger":{"enabledWorkflows":[]},"_links":{"self":[{"href":"https:\/\/hospitaldechillan.cl\/web\/wp-json\/wp\/v2\/pages\/6822","targetHints":{"allow":["GET"]}}],"collection":[{"href":"https:\/\/hospitaldechillan.cl\/web\/wp-json\/wp\/v2\/pages"}],"about":[{"href":"https:\/\/hospitaldechillan.cl\/web\/wp-json\/wp\/v2\/types\/page"}],"author":[{"embeddable":true,"href":"https:\/\/hospitaldechillan.cl\/web\/wp-json\/wp\/v2\/users\/3"}],"replies":[{"embeddable":true,"href":"https:\/\/hospitaldechillan.cl\/web\/wp-json\/wp\/v2\/comments?post=6822"}],"version-history":[{"count":20,"href":"https:\/\/hospitaldechillan.cl\/web\/wp-json\/wp\/v2\/pages\/6822\/revisions"}],"predecessor-version":[{"id":13733,"href":"https:\/\/hospitaldechillan.cl\/web\/wp-json\/wp\/v2\/pages\/6822\/revisions\/13733"}],"wp:featuredmedia":[{"embeddable":true,"href":"https:\/\/hospitaldechillan.cl\/web\/wp-json\/wp\/v2\/media\/12980"}],"wp:attachment":[{"href":"https:\/\/hospitaldechillan.cl\/web\/wp-json\/wp\/v2\/media?parent=6822"}],"curies":[{"name":"wp","href":"https:\/\/api.w.org\/{rel}","templated":true}]}}