{"id":6367,"date":"2019-11-18T12:01:10","date_gmt":"2019-11-18T16:01:10","guid":{"rendered":"http:\/\/hospitaldechillan.cl\/web\/?page_id=6367"},"modified":"2025-07-01T12:02:46","modified_gmt":"2025-07-01T16:02:46","slug":"programa-rnao","status":"publish","type":"page","link":"https:\/\/hospitaldechillan.cl\/web\/programa-rnao\/","title":{"rendered":"Programa RNAO"},"content":{"rendered":"\n<p><strong>\u00bfQu\u00e9 es RNAO?<\/strong><\/p>\n\n\n\n<p>La asociaci\u00f3n RNAO o enfermeras registradas de Ontario, Canad\u00e1, es una asociaci\u00f3n que desde el a\u00f1o 1999 est\u00e1 dedicada a la creaci\u00f3n de gu\u00edas de pr\u00e1ctica cl\u00ednica basadas en evidencia para enfermeras. Estas gu\u00edas permiten estandarizar los cuidados brindados a nuestros pacientes y, por lo tanto, disminuir la variabilidad de estos mismos. <\/p>\n\n\n\n<p><strong>Qu\u00e9 son los BPSO&nbsp;&nbsp;&nbsp;\n<\/strong><\/p>\n\n\n\n<p>Los BPSO o centros comprometidos con la excelencia en el cuidado, son instituciones generadoras de buenas pr\u00e1cticas basadas en la mejor evidencia cient\u00edfica. Para llegar a serlo se debe: <\/p>\n\n\n\n<ul class=\"wp-block-list\">\n<li>Implementar y evaluar las gu\u00edas de buenas pr\u00e1cticas (GBP)<\/li>\n\n\n\n<li>Sistematizar las buenas pr\u00e1cticas de cuidado<\/li>\n\n\n\n<li>Promover la generaci\u00f3n de conocimiento y evidencia.<\/li>\n<\/ul>\n\n\n\n<figure class=\"wp-block-image\"><img loading=\"lazy\" decoding=\"async\" width=\"640\" height=\"367\" src=\"https:\/\/hospitaldechillan.cl\/web\/wp-content_Hos\/uploads\/2021\/11\/capacitaci\u00f3n-640x367.jpeg\" alt=\"\" class=\"wp-image-9493\" srcset=\"https:\/\/hospitaldechillan.cl\/web\/wp-content\/uploads\/2021\/11\/capacitaci\u00f3n-640x367.jpeg 640w, https:\/\/hospitaldechillan.cl\/web\/wp-content\/uploads\/2021\/11\/capacitaci\u00f3n-768x440.jpeg 768w, https:\/\/hospitaldechillan.cl\/web\/wp-content\/uploads\/2021\/11\/capacitaci\u00f3n.jpeg 827w\" sizes=\"auto, (max-width: 640px) 100vw, 640px\" \/><\/figure>\n\n\n\n<p><strong>Los impulsores de\npr\u00e1cticas basadas en la evidencia<\/strong><\/p>\n\n\n\n<p>Para transmitir el conocimiento, es importante la formaci\u00f3n de red de champions o l\u00edderes por servicio cl\u00ednico, los que son integrantes del equipo multidisciplinario que tienen contacto con el paciente (profesionales, t\u00e9cnicos administrativos) quienes transmiten las buenas pr\u00e1cticas &nbsp;al resto del personal de salud. <\/p>\n\n\n\n<figure class=\"wp-block-image\"><img loading=\"lazy\" decoding=\"async\" width=\"640\" height=\"360\" src=\"https:\/\/hospitaldechillan.cl\/web\/wp-content_Hos\/uploads\/2019\/11\/web2-2-640x360.jpg\" alt=\"\" class=\"wp-image-6391\" srcset=\"https:\/\/hospitaldechillan.cl\/web\/wp-content\/uploads\/2019\/11\/web2-2-640x360.jpg 640w, https:\/\/hospitaldechillan.cl\/web\/wp-content\/uploads\/2019\/11\/web2-2-768x432.jpg 768w, https:\/\/hospitaldechillan.cl\/web\/wp-content\/uploads\/2019\/11\/web2-2-1200x675.jpg 1200w, https:\/\/hospitaldechillan.cl\/web\/wp-content\/uploads\/2019\/11\/web2-2.jpg 1600w\" sizes=\"auto, (max-width: 640px) 100vw, 640px\" \/><\/figure>\n\n\n\n<p><strong>Gu\u00edas a implementar:<\/strong><\/p>\n\n\n\n<ul class=\"wp-block-list\">\n<li>Valoraci\u00f3n del riesgo y prevenci\u00f3n de lesiones por presi\u00f3n (2011) protocolo actualizado a\u00f1o 2019 <\/li>\n\n\n\n<li>Prevenci\u00f3n de ca\u00eddas y disminuci\u00f3n de lesiones derivadas de las ca\u00eddas (2017) , protocolo actualizado a\u00f1o 2021 <\/li>\n\n\n\n<li>Cuidado y mantenimiento de accesos vasculares para reducir complicaciones (2021) en proceso de revisi\u00f3n. <\/li>\n<\/ul>\n\n\n\n<figure class=\"wp-block-image size-medium\"><img loading=\"lazy\" decoding=\"async\" width=\"640\" height=\"360\" src=\"https:\/\/hospitaldechillan.cl\/web\/wp-content_Hos\/uploads\/2022\/05\/web-640x360.jpg\" alt=\"\" class=\"wp-image-9775\" srcset=\"https:\/\/hospitaldechillan.cl\/web\/wp-content\/uploads\/2022\/05\/web-640x360.jpg 640w, https:\/\/hospitaldechillan.cl\/web\/wp-content\/uploads\/2022\/05\/web-1200x675.jpg 1200w, https:\/\/hospitaldechillan.cl\/web\/wp-content\/uploads\/2022\/05\/web-768x432.jpg 768w, https:\/\/hospitaldechillan.cl\/web\/wp-content\/uploads\/2022\/05\/web-1536x864.jpg 1536w, https:\/\/hospitaldechillan.cl\/web\/wp-content\/uploads\/2022\/05\/web.jpg 1600w\" sizes=\"auto, (max-width: 640px) 100vw, 640px\" \/><\/figure>\n\n\n\n<p><strong>Archivos <\/strong><\/p>\n\n\n\n<p><a href=\"https:\/\/hospitaldechillan.cl\/web\/wp-content_Hos\/uploads\/2024\/03\/Evidence-Booster_HCHM_ES-final.pdf\">Evidence Booster Hospital Cl\u00ednico Herminda Mart\u00edn de Chill\u00e1n <\/a><br><br><a href=\"https:\/\/www.dropbox.com\/s\/qzlmn3enyps7qoi\/RNAO%20-%20Ca%C3%ADdas.pdf?dl=0\">Gu\u00eda RNAO ca\u00eddas<\/a><br>&#8211; <a href=\"https:\/\/www.dropbox.com\/scl\/fi\/ap10fpiii2u5eas7r82z4\/GCL2.2b_7maEDICI-N_PROTOCOLO_MEDIDAS_PREVENCION_Y_MANEJO_DE_CAIDAS.pdf?rlkey=eqj0h0hdhskro7esp78rwotet&amp;st=no6vcxpw&amp;dl=0\" target=\"_blank\" rel=\"noreferrer noopener\">Protocolo para prevenci\u00f3n y manejo de ca\u00eddas HCHM<\/a><br><br><a href=\"https:\/\/www.dropbox.com\/s\/hp0w351b0yktaty\/RNAO%20-%20Prevencion%20%C3%BAlceras%20por%20presi%C3%B3n.pdf?dl=0\">Gu\u00eda RNAO prevenci\u00f3n \u00falceras por presi\u00f3n<\/a><br>&#8211; <a href=\"https:\/\/www.dropbox.com\/s\/6spq4zq5vrivkk8\/Protocolo%20valoraci%C3%B3n%20y%20medidas%20prevenci%C3%B3n%20de%20lesiones%20por%20presi%C3%B3n.pdf?dl=0\">Protocolo valoraci\u00f3n y medidas prevenci\u00f3n de lesiones por presi\u00f3n HCHM<\/a><br>&#8211; <a href=\"https:\/\/www.dropbox.com\/s\/gp9hu82wbmsojsa\/Protocolo%20para%20la%20valoraci%C3%B3n%20y%20manejo%20de%20lesiones%20de%20piel%2C%20heridas%20y%20%C3%BAlceras%20en%20el%20HCHM.pdf?dl=0\">Protocolo para la valoraci\u00f3n y manejo de lesiones de piel, heridas y \u00falceras en el HCHM<\/a><\/p>\n\n\n\n<p><a rel=\"noreferrer noopener\" href=\"https:\/\/www.dropbox.com\/s\/zt0hnadhnxfj4e0\/Protocolo_uso_elementosdeposicionamiento_HCHM.pdf?dl=0\" target=\"_blank\">&#8211; Protocolo sobre el \u00abUso de elementos de posicionamiento para la prevenci\u00f3n de lesiones de piel en usuarios hospitalizados en el HCHM\u00bb <\/a><br><br><a href=\"https:\/\/www.dropbox.com\/scl\/fi\/mr9j4omx43fxeatra5si1\/AccesoVascular.pdf?rlkey=11eijv7kzpchfq5dklvulmvd7&amp;dl=0\">GU\u00cdA DE ACCESO VASCULAR <\/a><br>&#8211; <a href=\"https:\/\/www.dropbox.com\/scl\/fi\/wi796826gax1xh5ek5fwu\/Protocolo-de-instalaci-n-y-manejo-de-cat-ter-central-de-inserci-n-perif-rica-PICC-..pdf?rlkey=dxt7lea73tiqtlb916g3jzrl5&amp;dl=0\" data-type=\"link\" data-id=\"https:\/\/www.dropbox.com\/scl\/fi\/wi796826gax1xh5ek5fwu\/Protocolo-de-instalaci-n-y-manejo-de-cat-ter-central-de-inserci-n-perif-rica-PICC-..pdf?rlkey=dxt7lea73tiqtlb916g3jzrl5&amp;dl=0\">Protocolo de Instalaci\u00f3n y Manejo de Cat\u00e9ter Central de Inserci\u00f3n Perif\u00e9rica en el HCHM<\/a><br><br>&#8211; <a href=\"https:\/\/www.dropbox.com\/scl\/fi\/pi1zsvte1h7yu0todqhup\/Protocolo-de-instalaci-n-manejo-de-accesos-vasculares-y-adm.-de-medicamentos-HCHM..pdf?rlkey=oqgjk5hfqqd0m7jb9or79redb&amp;dl=0\" data-type=\"link\" data-id=\"https:\/\/www.dropbox.com\/scl\/fi\/pi1zsvte1h7yu0todqhup\/Protocolo-de-instalaci-n-manejo-de-accesos-vasculares-y-adm.-de-medicamentos-HCHM..pdf?rlkey=oqgjk5hfqqd0m7jb9or79redb&amp;dl=0\">Protocolo de instalaci\u00f3n, manejo de accesos vasculares y adm. de medicamentos HCHM<\/a><\/p>\n\n\n\n<p><\/p>\n\n\n\n<p class=\"has-medium-font-size\"><strong>Parte de nuestro trabajo <\/strong><\/p>\n\n\n\n<p>(2022)<br><a href=\"https:\/\/hospitaldechillan.cl\/web\/confeccion-de-implementos-con-material-reutilizado-favorecera-la-recuperacion-de-pacientes-con-hospitalizaciones-prolongadas\/\">Confecci\u00f3n de implementos con material reutilizado favorecer\u00e1 la recuperaci\u00f3n de pacientes con hospitalizaciones prolongadas<\/a><br><br><a href=\"https:\/\/hospitaldechillan.cl\/web\/enfermeras-y-enfermeros-de-todo-chile-conocen-experiencia-del-programa-rnao-de-nuestro-hospital\/\">Enfermeras y enfermeros de todo Chile conocen experiencia del Programa RNAO de nuestro Hospital<\/a><\/p>\n","protected":false},"excerpt":{"rendered":"<p>\u00bfQu\u00e9 es RNAO? La asociaci\u00f3n RNAO o enfermeras registradas de Ontario, Canad\u00e1, es una asociaci\u00f3n que desde el a\u00f1o 1999 est\u00e1 dedicada a la creaci\u00f3n de gu\u00edas de pr\u00e1ctica cl\u00ednica basadas en evidencia para enfermeras. Estas gu\u00edas permiten estandarizar los cuidados brindados a nuestros pacientes y, por lo tanto, disminuir la variabilidad de estos mismos. [&hellip;]<\/p>\n","protected":false},"author":3,"featured_media":11023,"parent":0,"menu_order":0,"comment_status":"closed","ping_status":"closed","template":"","meta":{"_acf_changed":false,"_monsterinsights_skip_tracking":false,"_monsterinsights_sitenote_active":false,"_monsterinsights_sitenote_note":"","_monsterinsights_sitenote_category":0,"footnotes":""},"class_list":["post-6367","page","type-page","status-publish","has-post-thumbnail","hentry"],"acf":[],"publishpress_future_workflow_manual_trigger":{"enabledWorkflows":[]},"_links":{"self":[{"href":"https:\/\/hospitaldechillan.cl\/web\/wp-json\/wp\/v2\/pages\/6367","targetHints":{"allow":["GET"]}}],"collection":[{"href":"https:\/\/hospitaldechillan.cl\/web\/wp-json\/wp\/v2\/pages"}],"about":[{"href":"https:\/\/hospitaldechillan.cl\/web\/wp-json\/wp\/v2\/types\/page"}],"author":[{"embeddable":true,"href":"https:\/\/hospitaldechillan.cl\/web\/wp-json\/wp\/v2\/users\/3"}],"replies":[{"embeddable":true,"href":"https:\/\/hospitaldechillan.cl\/web\/wp-json\/wp\/v2\/comments?post=6367"}],"version-history":[{"count":3,"href":"https:\/\/hospitaldechillan.cl\/web\/wp-json\/wp\/v2\/pages\/6367\/revisions"}],"predecessor-version":[{"id":13983,"href":"https:\/\/hospitaldechillan.cl\/web\/wp-json\/wp\/v2\/pages\/6367\/revisions\/13983"}],"wp:featuredmedia":[{"embeddable":true,"href":"https:\/\/hospitaldechillan.cl\/web\/wp-json\/wp\/v2\/media\/11023"}],"wp:attachment":[{"href":"https:\/\/hospitaldechillan.cl\/web\/wp-json\/wp\/v2\/media?parent=6367"}],"curies":[{"name":"wp","href":"https:\/\/api.w.org\/{rel}","templated":true}]}}