{"id":623,"date":"2014-08-26T22:58:06","date_gmt":"2014-08-27T02:58:06","guid":{"rendered":"http:\/\/hospitaldechillan.cl\/web\/?page_id=623"},"modified":"2025-03-09T19:07:39","modified_gmt":"2025-03-09T23:07:39","slug":"emergencia","status":"publish","type":"page","link":"https:\/\/hospitaldechillan.cl\/web\/emergencia\/","title":{"rendered":"Atenci\u00f3n en la Unidad de Emergencia"},"content":{"rendered":"<p>La atenci\u00f3n en la Unidad de Emergencia del hospital se organiza seg\u00fan la <strong>gravedad de cada paciente<\/strong>. Para ello, se utiliza una categorizaci\u00f3n que clasifica a los pacientes seg\u00fan su condici\u00f3n cl\u00ednica, desde el nivel 1 (m\u00e1s urgente, atenci\u00f3n inmediata) al nivel 5 (condiciones que pueden esperar sin riesgo para la vida).<\/p>\n<p>Es importante tener en cuenta que la atenci\u00f3n <strong>no se realiza por orden de llegada<\/strong>, sino que acuerdo con la gravedad.<\/p>\n<ul>\n<li><strong>C1 | Riesgo vital.<\/strong> Atenci\u00f3n inmediata.<\/li>\n<li><strong>C2 |\u00a0Condici\u00f3n grave.<\/strong> Atenci\u00f3n prioritaria. Podr\u00eda regresar a la sala de espera seg\u00fan\u00a0indicaci\u00f3n m\u00e9dica<\/li>\n<li><strong>C3 |\u00a0Complejidad media.<\/strong> Usuario\/a regresa a la sala de espera, para ser llamado de acuerdo a la disponibilidad de box de atenci\u00f3n.<\/li>\n<li><strong>C4 |\u00a0Enfermedades leves, sin riesgo vital.<\/strong> Puede ser atendido en su Cesfam o SAR.<\/li>\n<li><strong>C5 | NO requiere atenci\u00f3n de urgencia.<\/strong> Puede ser atendido en su Cesfam o SAR.<\/li>\n<\/ul>\n<p>Si su situaci\u00f3n no representa riesgo vital, le recomendamos <strong>no acudir a la Unidad de Emergencia del hospital.<\/strong><\/p>\n<p>En su lugar, puede dirigirse al SAPU (Servicio de Atenci\u00f3n Primaria de Urgencia) o al SAR (Servicio de Alta Resoluci\u00f3n) m\u00e1s cercano a su domicilio. Estas unidades est\u00e1n preparadas para resolver problemas de salud de menor complejidad y, en la mayor\u00eda de los casos, ofrecen tiempos de espera m\u00e1s reducidos.<\/p>\n<p>Si tiene dudas sobre d\u00f3nde acudir, puede llamar a <strong>Salud Responde<\/strong> al <strong>600 360 7777<\/strong> para recibir orientaci\u00f3n.<\/p>\n","protected":false},"excerpt":{"rendered":"<p>La atenci\u00f3n en la Unidad de Emergencia del hospital se organiza seg\u00fan la gravedad de cada paciente. Para ello, se utiliza una categorizaci\u00f3n que clasifica a los pacientes seg\u00fan su condici\u00f3n cl\u00ednica, desde el nivel 1 (m\u00e1s urgente, atenci\u00f3n inmediata) al nivel 5 (condiciones que pueden esperar sin riesgo para la vida). Es importante tener [&hellip;]<\/p>\n","protected":false},"author":2,"featured_media":12882,"parent":0,"menu_order":0,"comment_status":"open","ping_status":"closed","template":"","meta":{"_acf_changed":false,"_monsterinsights_skip_tracking":false,"_monsterinsights_sitenote_active":false,"_monsterinsights_sitenote_note":"","_monsterinsights_sitenote_category":0,"footnotes":""},"class_list":["post-623","page","type-page","status-publish","has-post-thumbnail","hentry"],"acf":[],"publishpress_future_workflow_manual_trigger":{"enabledWorkflows":[]},"_links":{"self":[{"href":"https:\/\/hospitaldechillan.cl\/web\/wp-json\/wp\/v2\/pages\/623","targetHints":{"allow":["GET"]}}],"collection":[{"href":"https:\/\/hospitaldechillan.cl\/web\/wp-json\/wp\/v2\/pages"}],"about":[{"href":"https:\/\/hospitaldechillan.cl\/web\/wp-json\/wp\/v2\/types\/page"}],"author":[{"embeddable":true,"href":"https:\/\/hospitaldechillan.cl\/web\/wp-json\/wp\/v2\/users\/2"}],"replies":[{"embeddable":true,"href":"https:\/\/hospitaldechillan.cl\/web\/wp-json\/wp\/v2\/comments?post=623"}],"version-history":[{"count":2,"href":"https:\/\/hospitaldechillan.cl\/web\/wp-json\/wp\/v2\/pages\/623\/revisions"}],"predecessor-version":[{"id":12883,"href":"https:\/\/hospitaldechillan.cl\/web\/wp-json\/wp\/v2\/pages\/623\/revisions\/12883"}],"wp:featuredmedia":[{"embeddable":true,"href":"https:\/\/hospitaldechillan.cl\/web\/wp-json\/wp\/v2\/media\/12882"}],"wp:attachment":[{"href":"https:\/\/hospitaldechillan.cl\/web\/wp-json\/wp\/v2\/media?parent=623"}],"curies":[{"name":"wp","href":"https:\/\/api.w.org\/{rel}","templated":true}]}}