{"id":55,"date":"2014-08-08T23:41:53","date_gmt":"2014-08-09T03:41:53","guid":{"rendered":"http:\/\/hospitaldechillan.cl\/web\/?page_id=55"},"modified":"2014-08-08T23:50:41","modified_gmt":"2014-08-09T03:50:41","slug":"acceso","status":"publish","type":"page","link":"https:\/\/hospitaldechillan.cl\/web\/acceso\/","title":{"rendered":"Acceso a Visitas"},"content":{"rendered":"<h3>Pasos para ingreso de visitas al Hospital Cl\u00ednico Herminda Mart\u00edn<\/h3>\n<h4><strong>1. Solicitud de pases de visita:<\/strong><\/h4>\n<p>Ud. deber\u00e1 presentar c\u00e9dula de identidad, en el Acceso de visitas ingresando por Avenida Francisco Ram\u00edrez, donde se le entregar\u00e1 el pase de visita.<\/p>\n<h4><strong>2. Presentaci\u00f3n en Porter\u00eda:<\/strong><\/h4>\n<p>Posteriormente, deber\u00e1 presentar el pase al personal de porter\u00eda ubicado inmediatamente despu\u00e9s del Acceso de Visita. En este lugar, se verificar\u00e1 la portabilidad del pase y autorizar\u00e1 el ingreso al recinto hospitalario.<\/p>\n<h4><strong>3. Ingreso a Servicio:<\/strong><\/h4>\n<p>Ud. deber\u00e1 dirigirse al Servicio donde est\u00e1 su familiar hospitalizado, para facilitar su pronta llegada, le informamos que el acceso se encuentra debidamente se\u00f1alizado con flechas de color en el suelo y planos de ubicaci\u00f3n que indican la forma m\u00e1s expedita de acceder al servicio, cuya distribuci\u00f3n es la siguiente:<\/p>\n<ul>\n<li>1\u00b0 Piso: Servicios de Obstetricia y Ginecolog\u00eda, Cirug\u00eda Indiferenciada, Traumatolog\u00eda, Neurocirug\u00eda, Urolog\u00eda, Neurolog\u00eda y Psiquiatr\u00eda, Unidad de emergencia, Cirug\u00eda Mayor Ambulatoria, Anestesia y Pabellones y Unidad de Di\u00e1lisis.<\/li>\n<li>2\u00b0 Piso: Servicio de Medicina y Unidad de Paciente Cr\u00edtico (UCI y TIM).<\/li>\n<li>3\u00b0 Piso: Servicio de Pediatr\u00eda y Cirug\u00eda Infantil.<\/li>\n<\/ul>\n","protected":false},"excerpt":{"rendered":"<p>Pasos para ingreso de visitas al Hospital Cl\u00ednico Herminda Mart\u00edn 1. Solicitud de pases de visita: Ud. deber\u00e1 presentar c\u00e9dula de identidad, en el Acceso de visitas ingresando por Avenida Francisco Ram\u00edrez, donde se le entregar\u00e1 el pase de visita. 2. Presentaci\u00f3n en Porter\u00eda: Posteriormente, deber\u00e1 presentar el pase al personal de porter\u00eda ubicado inmediatamente [&hellip;]<\/p>\n","protected":false},"author":2,"featured_media":0,"parent":0,"menu_order":1,"comment_status":"open","ping_status":"closed","template":"","meta":{"_acf_changed":false,"_monsterinsights_skip_tracking":false,"_monsterinsights_sitenote_active":false,"_monsterinsights_sitenote_note":"","_monsterinsights_sitenote_category":0,"footnotes":""},"class_list":["post-55","page","type-page","status-publish","hentry"],"acf":[],"publishpress_future_workflow_manual_trigger":{"enabledWorkflows":[]},"_links":{"self":[{"href":"https:\/\/hospitaldechillan.cl\/web\/wp-json\/wp\/v2\/pages\/55","targetHints":{"allow":["GET"]}}],"collection":[{"href":"https:\/\/hospitaldechillan.cl\/web\/wp-json\/wp\/v2\/pages"}],"about":[{"href":"https:\/\/hospitaldechillan.cl\/web\/wp-json\/wp\/v2\/types\/page"}],"author":[{"embeddable":true,"href":"https:\/\/hospitaldechillan.cl\/web\/wp-json\/wp\/v2\/users\/2"}],"replies":[{"embeddable":true,"href":"https:\/\/hospitaldechillan.cl\/web\/wp-json\/wp\/v2\/comments?post=55"}],"version-history":[{"count":0,"href":"https:\/\/hospitaldechillan.cl\/web\/wp-json\/wp\/v2\/pages\/55\/revisions"}],"wp:attachment":[{"href":"https:\/\/hospitaldechillan.cl\/web\/wp-json\/wp\/v2\/media?parent=55"}],"curies":[{"name":"wp","href":"https:\/\/api.w.org\/{rel}","templated":true}]}}