{"id":4039,"date":"2018-04-28T15:24:35","date_gmt":"2018-04-28T19:24:35","guid":{"rendered":"http:\/\/hospitaldechillan.cl\/web\/?page_id=4039"},"modified":"2018-05-15T09:24:15","modified_gmt":"2018-05-15T13:24:15","slug":"hchm-informa","status":"publish","type":"page","link":"https:\/\/hospitaldechillan.cl\/web\/hchm-informa\/","title":{"rendered":"HCHM | INFORMA"},"content":{"rendered":"<h2>Informaci\u00f3n sobre accidentados sector Rucapequ\u00e9n<\/h2>\n<p><em>Actualizaci\u00f3n:\u00a017:50 horas\u00a0 \u00a0 \u00a0 14\/05\/2018<\/em><\/p>\n<table>\n<tbody>\n<tr>\n<td width=\"254\">Gonzalo Miranda Cuiti\u00f1o<\/td>\n<td width=\"104\">\u00a053 a\u00f1os<\/td>\n<td width=\"229\">Politraumatizado<\/td>\n<\/tr>\n<tr>\n<td width=\"254\">Guido Miranda Cuiti\u00f1o<\/td>\n<td width=\"104\">44 a\u00f1os<\/td>\n<td width=\"229\">Politraumatizado, intervenido quir\u00fargicamente.<\/td>\n<\/tr>\n<tr>\n<td width=\"254\">Ram\u00f3n Guajardo Opazo<\/td>\n<td width=\"104\">46 a\u00f1os<\/td>\n<td width=\"229\">\u00a0Grave, en observaci\u00f3n por m\u00faltiples lesiones<\/td>\n<\/tr>\n<tr>\n<td width=\"254\">Segundo Mart\u00ednez Antillanca<\/td>\n<td width=\"104\">51 a\u00f1os<\/td>\n<td width=\"229\">Politraumatizado, grave<\/td>\n<\/tr>\n<\/tbody>\n<\/table>\n<p>Contacto para familiares de estas personas, al tel\u00e9fono <strong>42 2586935<\/strong><\/p>\n<p>&nbsp;<\/p>\n","protected":false},"excerpt":{"rendered":"<p>Informaci\u00f3n sobre accidentados sector Rucapequ\u00e9n Actualizaci\u00f3n:\u00a017:50 horas\u00a0 \u00a0 \u00a0 14\/05\/2018 Gonzalo Miranda Cuiti\u00f1o \u00a053 a\u00f1os Politraumatizado Guido Miranda Cuiti\u00f1o 44 a\u00f1os Politraumatizado, intervenido quir\u00fargicamente. Ram\u00f3n Guajardo Opazo 46 a\u00f1os \u00a0Grave, en observaci\u00f3n por m\u00faltiples lesiones Segundo Mart\u00ednez Antillanca 51 a\u00f1os Politraumatizado, grave Contacto para familiares de estas personas, al tel\u00e9fono 42 2586935 &nbsp;<\/p>\n","protected":false},"author":8,"featured_media":0,"parent":0,"menu_order":0,"comment_status":"closed","ping_status":"closed","template":"","meta":{"_acf_changed":false,"_monsterinsights_skip_tracking":false,"_monsterinsights_sitenote_active":false,"_monsterinsights_sitenote_note":"","_monsterinsights_sitenote_category":0,"footnotes":""},"class_list":["post-4039","page","type-page","status-publish","hentry"],"acf":[],"publishpress_future_workflow_manual_trigger":{"enabledWorkflows":[]},"_links":{"self":[{"href":"https:\/\/hospitaldechillan.cl\/web\/wp-json\/wp\/v2\/pages\/4039","targetHints":{"allow":["GET"]}}],"collection":[{"href":"https:\/\/hospitaldechillan.cl\/web\/wp-json\/wp\/v2\/pages"}],"about":[{"href":"https:\/\/hospitaldechillan.cl\/web\/wp-json\/wp\/v2\/types\/page"}],"author":[{"embeddable":true,"href":"https:\/\/hospitaldechillan.cl\/web\/wp-json\/wp\/v2\/users\/8"}],"replies":[{"embeddable":true,"href":"https:\/\/hospitaldechillan.cl\/web\/wp-json\/wp\/v2\/comments?post=4039"}],"version-history":[{"count":0,"href":"https:\/\/hospitaldechillan.cl\/web\/wp-json\/wp\/v2\/pages\/4039\/revisions"}],"wp:attachment":[{"href":"https:\/\/hospitaldechillan.cl\/web\/wp-json\/wp\/v2\/media?parent=4039"}],"curies":[{"name":"wp","href":"https:\/\/api.w.org\/{rel}","templated":true}]}}