{"id":249,"date":"2014-08-13T14:50:11","date_gmt":"2014-08-13T18:50:11","guid":{"rendered":"http:\/\/hospitaldechillan.cl\/web\/?page_id=249"},"modified":"2025-10-08T14:31:07","modified_gmt":"2025-10-08T18:31:07","slug":"organos-2","status":"publish","type":"page","link":"https:\/\/hospitaldechillan.cl\/web\/organos-2\/","title":{"rendered":"Lo que necesitas saber sobre la donaci\u00f3n de \u00f3rganos"},"content":{"rendered":"\r\n<p>Este gesto altruista permite que los \u00f3rganos y tejidos de una persona sean trasplantados a quienes los necesitan para recuperar su salud y mejorar su calidad de vida.<\/p>\r\n<h3><strong>\u00bfC\u00f3mo puedo ser donante?<\/strong><\/h3>\r\n<p>En Chile, por ley, todas las personas mayores de 18 a\u00f1os son consideradas donantes de \u00f3rganos, sin necesidad de realizar ning\u00fan tr\u00e1mite. Si eres menor de edad, la decisi\u00f3n debe ser conversada con tu familia.<\/p>\r\n<h3><strong>\u00bfPuedo optar por no ser donante?<\/strong><\/h3>\r\n<p>S\u00ed, es tu decisi\u00f3n. Si eres mayor de edad y decides no ser donante, puedes inscribirte en el <strong>Registro Nacional de No Donantes<\/strong>. Para ello, necesitas realizar el tr\u00e1mite en una notar\u00eda.<\/p>\r\n<h3><strong>\u00bfSab\u00edas que las y los donantes pueden ser personas vivas o fallecidas?<\/strong><strong>\u00a0<\/strong><\/h3>\r\n<h4><strong>Donantes fallecidos<\/strong><\/h4>\r\n<p>Desde un\/a donante fallecido\/a se pueden trasplantar los siguientes \u00f3rganos y tejidos:<\/p>\r\n<ul>\r\n<li>Coraz\u00f3n<\/li>\r\n<li>Pulmones<\/li>\r\n<li>H\u00edgado<\/li>\r\n<li>P\u00e1ncreas<\/li>\r\n<li>Ri\u00f1ones<\/li>\r\n<li>Intestino<\/li>\r\n<li>C\u00f3rneas<\/li>\r\n<li>Huesos<\/li>\r\n<li>Tejido m\u00fasculo esquel\u00e9tico<\/li>\r\n<li>Piel<\/li>\r\n<\/ul>\r\n<h4><strong>Donantes vivos<\/strong><\/h4>\r\n<p>Existe la posibilidad de que una persona done, en vida, un tejido o un \u00f3rgano, sin que esto le impida continuar con un buen estado de salud y se establezcan perspectivas de \u00e9xito para conservar la vida o mejorar la salud del receptor.<\/p>\r\n<p>Los\u00a0<strong>tejidos<\/strong>\u00a0que se pueden donar en nuestro pa\u00eds son:<\/p>\r\n<ul>\r\n<li><strong>Hueso<\/strong> (cabeza femoral), obtenido tras una cirug\u00eda de pr\u00f3tesis de cadera.<\/li>\r\n<li><strong>Membrana amni\u00f3tica<\/strong>, extra\u00edda de la placenta luego de una ces\u00e1rea.<\/li>\r\n<\/ul>\r\n<p>Por su parte, los \u00f3rganos o segmentos de ellos, que pueden ser trasplantados desde un donante vivo son:<\/p>\r\n<ul>\r\n<li>Ri\u00f1\u00f3n<\/li>\r\n<li>H\u00edgado<\/li>\r\n<\/ul>\r\n<p>Revisa <a href=\"https:\/\/chilepaisdonante.minsal.cl\/\">Chile Pais Donante :: Ministerio de Salud<\/a> m\u00e1s informaci\u00f3n sobre el proceso que convierte tu decisi\u00f3n de donar \u00f3rganos y tejidos en un trasplante<\/p>\r\n","protected":false},"excerpt":{"rendered":"<p>Este gesto altruista permite que los \u00f3rganos y tejidos de una persona sean trasplantados a quienes los necesitan para recuperar su salud y mejorar su calidad de vida. \u00bfC\u00f3mo puedo ser donante? En Chile, por ley, todas las personas mayores de 18 a\u00f1os son consideradas donantes de \u00f3rganos, sin necesidad de realizar ning\u00fan tr\u00e1mite. Si [&hellip;]<\/p>\n","protected":false},"author":2,"featured_media":12907,"parent":0,"menu_order":21,"comment_status":"open","ping_status":"closed","template":"","meta":{"_acf_changed":false,"_monsterinsights_skip_tracking":false,"_monsterinsights_sitenote_active":false,"_monsterinsights_sitenote_note":"","_monsterinsights_sitenote_category":0,"footnotes":""},"class_list":["post-249","page","type-page","status-publish","has-post-thumbnail","hentry"],"acf":[],"publishpress_future_workflow_manual_trigger":{"enabledWorkflows":[]},"_links":{"self":[{"href":"https:\/\/hospitaldechillan.cl\/web\/wp-json\/wp\/v2\/pages\/249","targetHints":{"allow":["GET"]}}],"collection":[{"href":"https:\/\/hospitaldechillan.cl\/web\/wp-json\/wp\/v2\/pages"}],"about":[{"href":"https:\/\/hospitaldechillan.cl\/web\/wp-json\/wp\/v2\/types\/page"}],"author":[{"embeddable":true,"href":"https:\/\/hospitaldechillan.cl\/web\/wp-json\/wp\/v2\/users\/2"}],"replies":[{"embeddable":true,"href":"https:\/\/hospitaldechillan.cl\/web\/wp-json\/wp\/v2\/comments?post=249"}],"version-history":[{"count":5,"href":"https:\/\/hospitaldechillan.cl\/web\/wp-json\/wp\/v2\/pages\/249\/revisions"}],"predecessor-version":[{"id":14687,"href":"https:\/\/hospitaldechillan.cl\/web\/wp-json\/wp\/v2\/pages\/249\/revisions\/14687"}],"wp:featuredmedia":[{"embeddable":true,"href":"https:\/\/hospitaldechillan.cl\/web\/wp-json\/wp\/v2\/media\/12907"}],"wp:attachment":[{"href":"https:\/\/hospitaldechillan.cl\/web\/wp-json\/wp\/v2\/media?parent=249"}],"curies":[{"name":"wp","href":"https:\/\/api.w.org\/{rel}","templated":true}]}}