{"id":243,"date":"2014-08-13T14:46:33","date_gmt":"2014-08-13T18:46:33","guid":{"rendered":"http:\/\/hospitaldechillan.cl\/web\/?page_id=243"},"modified":"2025-04-18T22:02:16","modified_gmt":"2025-04-19T02:02:16","slug":"sangre-2","status":"publish","type":"page","link":"https:\/\/hospitaldechillan.cl\/web\/sangre-2\/","title":{"rendered":"Cada donaci\u00f3n es un regalo de vida"},"content":{"rendered":"<p>\u00bfSab\u00edas que con una sola donaci\u00f3n puedes ayudar hasta a <strong>tres personas<\/strong> que lo necesitan? Es un gesto sencillo, pero con un impacto enorme.<\/p>\n<h3><strong>\u00bfPor qu\u00e9 es tan importante donar sangre?<\/strong><\/h3>\n<p>No existe un sustituto para la sangre, y su disponibilidad puede marcar la diferencia entre la vida y la muerte.<\/p>\n<h4><strong>Datos que te sorprender\u00e1n:<\/strong><\/h4>\n<ul>\n<li>Un parto complicado puede requerir entre <strong>4 y 6 donaciones de sangre<\/strong>.<\/li>\n<li>Una transfusi\u00f3n para una v\u00edctima de accidente de tr\u00e1nsito puede necesitar entre <strong>20 y 30 donantes<\/strong>.<\/li>\n<\/ul>\n<h4><strong>\u00bfQui\u00e9n puede donar sangre?<\/strong><\/h4>\n<p>\u00a1Es m\u00e1s f\u00e1cil de lo que crees! Puedes donar si:<\/p>\n<ul>\n<li>Tienes entre <strong>17 y 70 a\u00f1os<\/strong>.<\/li>\n<li>Pesas m\u00e1s de <strong>50 kg<\/strong>.<\/li>\n<li>Has dormido al menos <strong>5 horas<\/strong>.<\/li>\n<li>Has comido en las \u00faltimas <strong>5 horas<\/strong>.<\/li>\n<li>Ha pasado el tiempo necesario desde tu \u00faltima donaci\u00f3n (<strong>3 meses<\/strong> para hombres y <strong>4 meses<\/strong> para mujeres).<\/li>\n<li>Llevas contigo tu <strong>c\u00e9dula de identidad, licencia de conducir o pasaporte<\/strong>.<\/li>\n<\/ul>\n<p><strong>\u00a0<\/strong><strong>\u00a1S\u00famate y salva vidas!<\/strong><\/p>\n<p>Forma parte de la comunidad de donantes altruistas de \u00d1uble.<\/p>\n<p><strong>\u00bfTienes dudas o quieres agendar una hora?<\/strong><br \/>\n\ud83d\udcde <strong>42 258 6441<\/strong><br \/>\n\ud83d\udcf1 <strong>+569 9716 0560<\/strong><\/p>\n<h4><strong>\u00bfD\u00f3nde puedes donar?<\/strong><\/h4>\n<p>Vis\u00edtanos en la <strong>Unidad de Medicina Transfusional<\/strong>, ubicada en el <strong>segundo piso de la Unidad de Emergencia<\/strong>.<\/p>\n","protected":false},"excerpt":{"rendered":"<p>\u00bfSab\u00edas que con una sola donaci\u00f3n puedes ayudar hasta a tres personas que lo necesitan? Es un gesto sencillo, pero con un impacto enorme. \u00bfPor qu\u00e9 es tan importante donar sangre? No existe un sustituto para la sangre, y su disponibilidad puede marcar la diferencia entre la vida y la muerte. Datos que te sorprender\u00e1n: [&hellip;]<\/p>\n","protected":false},"author":2,"featured_media":12900,"parent":0,"menu_order":20,"comment_status":"open","ping_status":"closed","template":"","meta":{"_acf_changed":false,"_monsterinsights_skip_tracking":false,"_monsterinsights_sitenote_active":false,"_monsterinsights_sitenote_note":"","_monsterinsights_sitenote_category":0,"footnotes":""},"class_list":["post-243","page","type-page","status-publish","has-post-thumbnail","hentry"],"acf":[],"publishpress_future_workflow_manual_trigger":{"enabledWorkflows":[]},"_links":{"self":[{"href":"https:\/\/hospitaldechillan.cl\/web\/wp-json\/wp\/v2\/pages\/243","targetHints":{"allow":["GET"]}}],"collection":[{"href":"https:\/\/hospitaldechillan.cl\/web\/wp-json\/wp\/v2\/pages"}],"about":[{"href":"https:\/\/hospitaldechillan.cl\/web\/wp-json\/wp\/v2\/types\/page"}],"author":[{"embeddable":true,"href":"https:\/\/hospitaldechillan.cl\/web\/wp-json\/wp\/v2\/users\/2"}],"replies":[{"embeddable":true,"href":"https:\/\/hospitaldechillan.cl\/web\/wp-json\/wp\/v2\/comments?post=243"}],"version-history":[{"count":4,"href":"https:\/\/hospitaldechillan.cl\/web\/wp-json\/wp\/v2\/pages\/243\/revisions"}],"predecessor-version":[{"id":13421,"href":"https:\/\/hospitaldechillan.cl\/web\/wp-json\/wp\/v2\/pages\/243\/revisions\/13421"}],"wp:featuredmedia":[{"embeddable":true,"href":"https:\/\/hospitaldechillan.cl\/web\/wp-json\/wp\/v2\/media\/12900"}],"wp:attachment":[{"href":"https:\/\/hospitaldechillan.cl\/web\/wp-json\/wp\/v2\/media?parent=243"}],"curies":[{"name":"wp","href":"https:\/\/api.w.org\/{rel}","templated":true}]}}