{"id":14717,"date":"2025-10-13T08:08:19","date_gmt":"2025-10-13T12:08:19","guid":{"rendered":"https:\/\/hospitaldechillan.cl\/web\/?page_id=14717"},"modified":"2025-10-15T09:57:36","modified_gmt":"2025-10-15T13:57:36","slug":"imagenologia","status":"publish","type":"page","link":"https:\/\/hospitaldechillan.cl\/web\/imagenologia\/","title":{"rendered":"\u00a1Ya abri\u00f3 sus puertas el Servicio de Imagenolog\u00eda del Hospital Regional de \u00d1uble!"},"content":{"rendered":"<p><code><\/p>\n<style>\n.Imagenologia { display: grid; grid-template-columns: 1fr 1fr 1fr; gap: 0.5em; margin:15px 0; }\n.Imagenologia div img { display:block; width:50%; height:auto; max-width:100px; margin:0 auto; margin-bottom:20px; }\n@media (max-width: 1000px) { .Imagenologia { display: grid; grid-template-columns: 1fr 1fr; gap: 0.5em; } }\n@media (max-width: 750px) { .Imagenologia { display: grid; grid-template-columns: 1fr; gap: 0.5em; } }\n.BLQ { padding:25px; border-radius:15px; }\n.Ama { background:#FB0; }\n.Mon { border:#FB0 1px solid; }\n<\/style>\n<p><\/code><\/p>\n<p>&nbsp;<\/p>\n<div class=\"BLQ Ama\">Es el primer servicio que entra en funcionamiento en el nuevo recinto asistencial, marcando un importante hito en la atenci\u00f3n de salud de la Regi\u00f3n de \u00d1uble. Cuenta con un gran equipo profesional y t\u00e9cnico, modernas instalaciones y equipamiento de \u00faltima tecnolog\u00eda que permitir\u00e1 realizar diagn\u00f3sticos m\u00e1s precisos, seguros y oportunos.<\/div>\n<div class=\"Imagenologia\">\n<div class=\"BLQ Mon\"><img decoding=\"async\" class=\"alignleft size-full wp-image-14745\" src=\"https:\/\/hospitaldechillan.cl\/web\/wp-content\/uploads\/2025\/10\/ImaCheck.svg\" alt=\"\u00cdcono Decorativo\" \/>Imagenolog\u00eda es un servicio de apoyo que utiliza tecnolog\u00eda avanzada para obtener im\u00e1genes del cuerpo con fines diagn\u00f3sticos y terap\u00e9uticos.<br \/>\nGracias a estos ex\u00e1menes es posible observar \u00f3rganos y estructuras internas sin necesidad de procedimientos invasivos.<\/div>\n<div class=\"BLQ Mon\"><img decoding=\"async\" class=\"alignleft size-full wp-image-14741\" src=\"https:\/\/hospitaldechillan.cl\/web\/wp-content\/uploads\/2025\/10\/ImaRsonador.svg\" alt=\"\u00cdcono Imagen Decorado\" \/>En este servicio incorporamos el primer resonador magn\u00e9tico de la red p\u00fablica de la regi\u00f3n, equipo que permite obtener im\u00e1genes detalladas de \u00f3rganos, huesos y tejidos sin utilizar radiaci\u00f3n, mejorando la precisi\u00f3n y calidad de los diagn\u00f3sticos m\u00e9dicos.<\/div>\n<div class=\"BLQ Mon\">\n<p><img decoding=\"async\" class=\"alignleft size-full wp-image-14743\" src=\"https:\/\/hospitaldechillan.cl\/web\/wp-content\/uploads\/2025\/10\/ImaRadio.svg\" alt=\"\u00cdcono Imagen Decorado\" \/><strong>Apertura progresiva<\/strong><\/p>\n<p>La puesta en marcha de Imagenolog\u00eda ser\u00e1 gradual. En su primera etapa se realizar\u00e1n los siguientes ex\u00e1menes:<\/p>\n<ul>\n<li>\u2060Resonancias magn\u00e9ticas<\/li>\n<li>\u2060Tomograf\u00edas computarizadas (Scanner)<\/li>\n<\/ul>\n<p>A medida que avance la apertura del nuevo hospital, se incorporar\u00e1n otros procedimientos, tales como:<\/p>\n<ul>\n<li>\u2060Radiograf\u00edas o Rayos X<\/li>\n<li>\u2060Ecograf\u00edas<\/li>\n<li>\u2060Mamograf\u00edas<\/li>\n<\/ul>\n<\/div>\n<div class=\"BLQ Mon\">\n<p><img decoding=\"async\" class=\"alignleft size-full wp-image-14744\" src=\"https:\/\/hospitaldechillan.cl\/web\/wp-content\/uploads\/2025\/10\/ImaGente.svg\" alt=\"\u00cdcono Imagen Decorado\" \/><strong>\u00bfQui\u00e9nes pueden atenderse en este servicio?<\/strong><\/p>\n<p>Usuarios\/as del sistema p\u00fablico de salud que cuenten con una indicaci\u00f3n m\u00e9dica para ex\u00e1menes imagenol\u00f3gicos.<br \/>\nLas personas ser\u00e1s contactadas por tel\u00e9fono para confirmar la fecha y hora del examen, adem\u00e1s de recibir las indicaciones de preparaci\u00f3n necesarias.<br \/>\n\ud83d\udccc <strong>Recuerda<\/strong> llevar tu c\u00e9dula de identidad al momento de asistir.<\/p>\n<\/div>\n<div class=\"BLQ Mon\">\n<p><img decoding=\"async\" class=\"alignleft size-full wp-image-14740\" src=\"https:\/\/hospitaldechillan.cl\/web\/wp-content\/uploads\/2025\/10\/ImaUbicacion.svg\" alt=\"\u00cdcono Imagen Decorado\" \/><strong>\u00bfD\u00f3nde est\u00e1 ubicado el nuevo Servicio de Imagenolog\u00eda?<\/strong><\/p>\n<p>El servicio est\u00e1 ubicado en el Hospital Regional de \u00d1uble, en O\u2019Higgins 1651, Chill\u00e1n.<br \/>\nEl acceso se realiza por calle Rosauro Acu\u00f1a, a trav\u00e9s de la Unidad de Emergencia.<\/p>\n<\/div>\n<div class=\"BLQ Mon\">\n<p><img decoding=\"async\" class=\"alignleft size-full wp-image-14742\" src=\"https:\/\/hospitaldechillan.cl\/web\/wp-content\/uploads\/2025\/10\/ImaResultado.svg\" alt=\"\u00cdcono Imagen Decorado\" \/><strong>\u00bfC\u00f3mo puedo conocer el resultado de mis ex\u00e1menes?<\/strong><\/p>\n<p><strong>En l\u00ednea:<\/strong> a trav\u00e9s del <strong><a href=\"https:\/\/163.247.81.56\/resultados\/\" target=\"_blank\" rel=\"noopener\">Portal de Ex\u00e1menes<\/a><\/strong>, ingresando con tu clave \u00fanica.<\/p>\n<p><strong>De forma presencial:<\/strong> si no cuentas con clave \u00fanica, puedes solicitar los resultados directamente en el Servicio de Imagenolog\u00eda del Hospital Cl\u00ednico Herminda Mart\u00edn, ubicado en Francisco Ram\u00edrez N\u00b0 10, Chill\u00e1n.\n<\/div>\n<\/div>\n<div class=\"BLQ Ama\">Tel\u00e9fono de contacto: <strong>42 2 24052990<\/strong><\/div>\n","protected":false},"excerpt":{"rendered":"<p>&nbsp; Es el primer servicio que entra en funcionamiento en el nuevo recinto asistencial, marcando un importante hito en la atenci\u00f3n de salud de la Regi\u00f3n de \u00d1uble. Cuenta con un gran equipo profesional y t\u00e9cnico, modernas instalaciones y equipamiento de \u00faltima tecnolog\u00eda que permitir\u00e1 realizar diagn\u00f3sticos m\u00e1s precisos, seguros y oportunos. Imagenolog\u00eda es un [&hellip;]<\/p>\n","protected":false},"author":2,"featured_media":14728,"parent":0,"menu_order":0,"comment_status":"closed","ping_status":"closed","template":"","meta":{"_acf_changed":false,"_monsterinsights_skip_tracking":false,"_monsterinsights_sitenote_active":false,"_monsterinsights_sitenote_note":"","_monsterinsights_sitenote_category":0,"footnotes":""},"class_list":["post-14717","page","type-page","status-publish","has-post-thumbnail","hentry"],"acf":[],"publishpress_future_workflow_manual_trigger":{"enabledWorkflows":[]},"_links":{"self":[{"href":"https:\/\/hospitaldechillan.cl\/web\/wp-json\/wp\/v2\/pages\/14717","targetHints":{"allow":["GET"]}}],"collection":[{"href":"https:\/\/hospitaldechillan.cl\/web\/wp-json\/wp\/v2\/pages"}],"about":[{"href":"https:\/\/hospitaldechillan.cl\/web\/wp-json\/wp\/v2\/types\/page"}],"author":[{"embeddable":true,"href":"https:\/\/hospitaldechillan.cl\/web\/wp-json\/wp\/v2\/users\/2"}],"replies":[{"embeddable":true,"href":"https:\/\/hospitaldechillan.cl\/web\/wp-json\/wp\/v2\/comments?post=14717"}],"version-history":[{"count":31,"href":"https:\/\/hospitaldechillan.cl\/web\/wp-json\/wp\/v2\/pages\/14717\/revisions"}],"predecessor-version":[{"id":14765,"href":"https:\/\/hospitaldechillan.cl\/web\/wp-json\/wp\/v2\/pages\/14717\/revisions\/14765"}],"wp:featuredmedia":[{"embeddable":true,"href":"https:\/\/hospitaldechillan.cl\/web\/wp-json\/wp\/v2\/media\/14728"}],"wp:attachment":[{"href":"https:\/\/hospitaldechillan.cl\/web\/wp-json\/wp\/v2\/media?parent=14717"}],"curies":[{"name":"wp","href":"https:\/\/api.w.org\/{rel}","templated":true}]}}