{"id":13432,"date":"2025-04-22T00:12:40","date_gmt":"2025-04-22T04:12:40","guid":{"rendered":"https:\/\/hospitaldechillan.cl\/web\/?page_id=13432"},"modified":"2025-04-22T00:26:07","modified_gmt":"2025-04-22T04:26:07","slug":"contactabilidad","status":"publish","type":"page","link":"https:\/\/hospitaldechillan.cl\/web\/contactabilidad\/","title":{"rendered":"<strong>\u00a1Guarda estos n\u00fameros en tu celular!<\/strong><br>Son seguros y confiables"},"content":{"rendered":"<p>El Hospital Cl\u00ednico Herminda Mart\u00edn te recordar\u00e1 tu hora de atenci\u00f3n en el <strong>Centro Ambulatorio de Especialidades (CAE)<\/strong>.<\/p>\n<p>Cuando recibas el mensaje, podr\u00e1s <strong>confirmar o cancelar tu cita<\/strong> si no puedes asistir.<\/p>\n<p>Gu\u00e1rdalos y comp\u00e1rtelos con tu familia, amistades y vecinos\/as, para que todas y todos est\u00e9n informados.<\/p>\n","protected":false},"excerpt":{"rendered":"<p>El Hospital Cl\u00ednico Herminda Mart\u00edn te recordar\u00e1 tu hora de atenci\u00f3n en el Centro Ambulatorio de Especialidades (CAE). Cuando recibas el mensaje, podr\u00e1s confirmar o cancelar tu cita si no puedes asistir. Gu\u00e1rdalos y comp\u00e1rtelos con tu familia, amistades y vecinos\/as, para que todas y todos est\u00e9n informados.<\/p>\n","protected":false},"author":2,"featured_media":13438,"parent":0,"menu_order":0,"comment_status":"closed","ping_status":"closed","template":"","meta":{"_acf_changed":false,"_monsterinsights_skip_tracking":false,"_monsterinsights_sitenote_active":false,"_monsterinsights_sitenote_note":"","_monsterinsights_sitenote_category":0,"footnotes":""},"class_list":["post-13432","page","type-page","status-publish","has-post-thumbnail","hentry"],"acf":[],"publishpress_future_workflow_manual_trigger":{"enabledWorkflows":[]},"_links":{"self":[{"href":"https:\/\/hospitaldechillan.cl\/web\/wp-json\/wp\/v2\/pages\/13432","targetHints":{"allow":["GET"]}}],"collection":[{"href":"https:\/\/hospitaldechillan.cl\/web\/wp-json\/wp\/v2\/pages"}],"about":[{"href":"https:\/\/hospitaldechillan.cl\/web\/wp-json\/wp\/v2\/types\/page"}],"author":[{"embeddable":true,"href":"https:\/\/hospitaldechillan.cl\/web\/wp-json\/wp\/v2\/users\/2"}],"replies":[{"embeddable":true,"href":"https:\/\/hospitaldechillan.cl\/web\/wp-json\/wp\/v2\/comments?post=13432"}],"version-history":[{"count":5,"href":"https:\/\/hospitaldechillan.cl\/web\/wp-json\/wp\/v2\/pages\/13432\/revisions"}],"predecessor-version":[{"id":13437,"href":"https:\/\/hospitaldechillan.cl\/web\/wp-json\/wp\/v2\/pages\/13432\/revisions\/13437"}],"wp:featuredmedia":[{"embeddable":true,"href":"https:\/\/hospitaldechillan.cl\/web\/wp-json\/wp\/v2\/media\/13438"}],"wp:attachment":[{"href":"https:\/\/hospitaldechillan.cl\/web\/wp-json\/wp\/v2\/media?parent=13432"}],"curies":[{"name":"wp","href":"https:\/\/api.w.org\/{rel}","templated":true}]}}