{"id":11494,"date":"2023-12-06T13:10:52","date_gmt":"2023-12-06T17:10:52","guid":{"rendered":"https:\/\/hospitaldechillan.cl\/web\/?page_id=11494"},"modified":"2023-12-13T11:59:16","modified_gmt":"2023-12-13T15:59:16","slug":"acreditacion-en-calidad","status":"publish","type":"page","link":"https:\/\/hospitaldechillan.cl\/web\/acreditacion-en-calidad\/","title":{"rendered":"Acreditaci\u00f3n en calidad"},"content":{"rendered":"\n<p>El Hospital Herminda Mart\u00edn es un establecimiento Acreditado en Calidad en los Procesos de Atenci\u00f3n en Salud por la Superintendencia de Salud.<\/p>\n\n\n\n<p>La acreditaci\u00f3n es proceso peri\u00f3dico de evaluaci\u00f3n de los centros de salud, p\u00fablicos y privados, para verificar el cumplimiento de un conjunto de est\u00e1ndares de calidad establecidos por el Ministerio de Salud, para mejorar la atenci\u00f3n que reciben las y los pacientes y disminuir los riegos asociados. Tiene una vigencia de 3 a\u00f1os. Luego de este per\u00edodo los establecimientos deben someterse a una reacreditaci\u00f3n. \u00a0<\/p>\n\n\n\n<p><\/p>\n\n\n\n<figure class=\"wp-block-gallery has-nested-images columns-default is-cropped wp-block-gallery-1 is-layout-flex wp-block-gallery-is-layout-flex\">\n<figure class=\"wp-block-image size-large\"><img loading=\"lazy\" decoding=\"async\" width=\"1200\" height=\"675\" data-id=\"11268\" src=\"https:\/\/hospitaldechillan.cl\/web\/wp-content_Hos\/uploads\/2023\/09\/Fotos-Tamano-web-6-1200x675.jpg\" alt=\"\" class=\"wp-image-11268\" srcset=\"https:\/\/hospitaldechillan.cl\/web\/wp-content\/uploads\/2023\/09\/Fotos-Tamano-web-6-1200x675.jpg 1200w, https:\/\/hospitaldechillan.cl\/web\/wp-content\/uploads\/2023\/09\/Fotos-Tamano-web-6-640x360.jpg 640w, https:\/\/hospitaldechillan.cl\/web\/wp-content\/uploads\/2023\/09\/Fotos-Tamano-web-6-768x432.jpg 768w, https:\/\/hospitaldechillan.cl\/web\/wp-content\/uploads\/2023\/09\/Fotos-Tamano-web-6-1536x864.jpg 1536w, https:\/\/hospitaldechillan.cl\/web\/wp-content\/uploads\/2023\/09\/Fotos-Tamano-web-6.jpg 1600w\" sizes=\"auto, (max-width: 1200px) 100vw, 1200px\" \/><\/figure>\n\n\n\n<figure class=\"wp-block-image size-large\"><img loading=\"lazy\" decoding=\"async\" width=\"1200\" height=\"675\" data-id=\"11220\" src=\"https:\/\/hospitaldechillan.cl\/web\/wp-content_Hos\/uploads\/2023\/08\/Notaweb2-1200x675.jpg\" alt=\"\" class=\"wp-image-11220\" srcset=\"https:\/\/hospitaldechillan.cl\/web\/wp-content\/uploads\/2023\/08\/Notaweb2-1200x675.jpg 1200w, https:\/\/hospitaldechillan.cl\/web\/wp-content\/uploads\/2023\/08\/Notaweb2-640x360.jpg 640w, https:\/\/hospitaldechillan.cl\/web\/wp-content\/uploads\/2023\/08\/Notaweb2-768x432.jpg 768w, https:\/\/hospitaldechillan.cl\/web\/wp-content\/uploads\/2023\/08\/Notaweb2-1536x864.jpg 1536w, https:\/\/hospitaldechillan.cl\/web\/wp-content\/uploads\/2023\/08\/Notaweb2.jpg 1600w\" sizes=\"auto, (max-width: 1200px) 100vw, 1200px\" \/><\/figure>\n\n\n\n<figure class=\"wp-block-image size-large\"><img loading=\"lazy\" decoding=\"async\" width=\"1200\" height=\"675\" data-id=\"11162\" src=\"https:\/\/hospitaldechillan.cl\/web\/wp-content_Hos\/uploads\/2023\/07\/Tamano-web-2-1200x675.jpg\" alt=\"\" class=\"wp-image-11162\" srcset=\"https:\/\/hospitaldechillan.cl\/web\/wp-content\/uploads\/2023\/07\/Tamano-web-2-1200x675.jpg 1200w, https:\/\/hospitaldechillan.cl\/web\/wp-content\/uploads\/2023\/07\/Tamano-web-2-640x360.jpg 640w, https:\/\/hospitaldechillan.cl\/web\/wp-content\/uploads\/2023\/07\/Tamano-web-2-768x432.jpg 768w, https:\/\/hospitaldechillan.cl\/web\/wp-content\/uploads\/2023\/07\/Tamano-web-2-1536x864.jpg 1536w, https:\/\/hospitaldechillan.cl\/web\/wp-content\/uploads\/2023\/07\/Tamano-web-2.jpg 1600w\" sizes=\"auto, (max-width: 1200px) 100vw, 1200px\" \/><\/figure>\n\n\n\n<figure class=\"wp-block-image size-large\"><img loading=\"lazy\" decoding=\"async\" width=\"1200\" height=\"675\" data-id=\"11043\" src=\"https:\/\/hospitaldechillan.cl\/web\/wp-content_Hos\/uploads\/2023\/05\/Tamano-web-1-3-1200x675.png\" alt=\"\" class=\"wp-image-11043\" srcset=\"https:\/\/hospitaldechillan.cl\/web\/wp-content\/uploads\/2023\/05\/Tamano-web-1-3-1200x675.png 1200w, https:\/\/hospitaldechillan.cl\/web\/wp-content\/uploads\/2023\/05\/Tamano-web-1-3-640x360.png 640w, https:\/\/hospitaldechillan.cl\/web\/wp-content\/uploads\/2023\/05\/Tamano-web-1-3-768x432.png 768w, https:\/\/hospitaldechillan.cl\/web\/wp-content\/uploads\/2023\/05\/Tamano-web-1-3-1536x864.png 1536w, https:\/\/hospitaldechillan.cl\/web\/wp-content\/uploads\/2023\/05\/Tamano-web-1-3.png 1600w\" sizes=\"auto, (max-width: 1200px) 100vw, 1200px\" \/><\/figure>\n\n\n\n<figure class=\"wp-block-image size-large\"><img loading=\"lazy\" decoding=\"async\" width=\"1200\" height=\"800\" data-id=\"10992\" src=\"https:\/\/hospitaldechillan.cl\/web\/wp-content_Hos\/uploads\/2023\/05\/tecnologo-medico-1200x800.jpg\" alt=\"\" class=\"wp-image-10992\" srcset=\"https:\/\/hospitaldechillan.cl\/web\/wp-content\/uploads\/2023\/05\/tecnologo-medico-1200x800.jpg 1200w, https:\/\/hospitaldechillan.cl\/web\/wp-content\/uploads\/2023\/05\/tecnologo-medico-640x426.jpg 640w, https:\/\/hospitaldechillan.cl\/web\/wp-content\/uploads\/2023\/05\/tecnologo-medico-768x512.jpg 768w, https:\/\/hospitaldechillan.cl\/web\/wp-content\/uploads\/2023\/05\/tecnologo-medico-1536x1023.jpg 1536w, https:\/\/hospitaldechillan.cl\/web\/wp-content\/uploads\/2023\/05\/tecnologo-medico.jpg 1600w\" sizes=\"auto, (max-width: 1200px) 100vw, 1200px\" \/><\/figure>\n\n\n\n<figure class=\"wp-block-image size-large\"><img loading=\"lazy\" decoding=\"async\" width=\"1200\" height=\"675\" data-id=\"10916\" src=\"https:\/\/hospitaldechillan.cl\/web\/wp-content_Hos\/uploads\/2023\/03\/Tamano-web-1200x675.jpg\" alt=\"\" class=\"wp-image-10916\" srcset=\"https:\/\/hospitaldechillan.cl\/web\/wp-content\/uploads\/2023\/03\/Tamano-web-1200x675.jpg 1200w, https:\/\/hospitaldechillan.cl\/web\/wp-content\/uploads\/2023\/03\/Tamano-web-640x360.jpg 640w, https:\/\/hospitaldechillan.cl\/web\/wp-content\/uploads\/2023\/03\/Tamano-web-768x432.jpg 768w, https:\/\/hospitaldechillan.cl\/web\/wp-content\/uploads\/2023\/03\/Tamano-web-1536x864.jpg 1536w, https:\/\/hospitaldechillan.cl\/web\/wp-content\/uploads\/2023\/03\/Tamano-web.jpg 1600w\" sizes=\"auto, (max-width: 1200px) 100vw, 1200px\" \/><\/figure>\n<\/figure>\n\n\n\n<p><\/p>\n\n\n\n<p><strong>\u00bfCu\u00e1l es la importancia de la acreditaci\u00f3n para nuestro Hospital?&nbsp;<\/strong><br>El beneficio directo y el m\u00e1s importante de estar acreditados, es demostrar nuestro compromiso con el trabajo acuerdo a est\u00e1ndares que permiten entregar prestaciones de calidad y seguras a las y los usuarios:<\/p>\n\n\n\n<p>1.  <strong>Respeto a la dignidad de los pacientes:<\/strong>&nbsp;se informa al paciente sobre su enfermedad, procedimientos o estado de salud; se respeta su dignidad y resguardan principios \u00e9ticos esenciales en el trato que se le otorga.<\/p>\n\n\n\n<p>2.&nbsp;&nbsp;<strong>Acceso, oportunidad y continuidad de la atenci\u00f3n:<\/strong>&nbsp;proporciona la atenci\u00f3n de forma oportuna, expedita y coordinada, considerando criterios de gravedad y factores de riesgo del paciente.<\/p>\n\n\n\n<p>3.&nbsp;&nbsp;<strong>Gesti\u00f3n de la calidad:<\/strong>&nbsp; el hospital cuenta con pol\u00edticas orientadas a la calidad y seguridad de las prestaciones que se entregan.<\/p>\n\n\n\n<p>4.&nbsp;<strong>Gesti\u00f3n cl\u00ednica:<\/strong>&nbsp; se proveen condiciones para entregar acciones de salud seguras, asociadas a prevenci\u00f3n y control de infecciones, procedimientos de anestesia, traslado y recepci\u00f3n de biopsias, recepci\u00f3n de pacientes cr\u00edticos, entre otros.<\/p>\n\n\n\n<p>5.&nbsp;<strong>Competencia del recurso humano<\/strong>: la atenci\u00f3n de salud es realizada por personal que cumple con el perfil requerido, en habilitaci\u00f3n y competencias.<\/p>\n\n\n\n<p>6.&nbsp;<strong>Registros:<\/strong>&nbsp;cuenta con un sistema estandarizado de registro de datos cl\u00ednicos y administrativos de los pacientes.<\/p>\n\n\n\n<p>7.&nbsp;<strong>Seguridad del equipamiento:<\/strong>&nbsp;el equipamiento cl\u00ednico cumple con las condiciones necesarias de seguridad para su funcionamiento y es operado de manera adecuada.<\/p>\n\n\n\n<p>8.&nbsp;<strong>Seguridad de las instalaciones:<\/strong>&nbsp;las instalaciones cumplen las condiciones para garantizar la seguridad de las y los usuarios, lo que incluye planes de emergencia frente a accidentes o siniestros y programas de mantenimiento preventivo.<\/p>\n\n\n\n<p>9.&nbsp;<strong>Servicios de apoyo:<\/strong> cuenta con servicios de apoyo que resguardan la seguridad de las y los usuarios: Laboratorio, Radiolog\u00eda, Kinesiolog\u00eda, Farmacia, Esterilizaci\u00f3n, entre otros.<\/p>\n","protected":false},"excerpt":{"rendered":"<p>El Hospital Herminda Mart\u00edn es un establecimiento Acreditado en Calidad en los Procesos de Atenci\u00f3n en Salud por la Superintendencia de Salud. La acreditaci\u00f3n es proceso peri\u00f3dico de evaluaci\u00f3n de los centros de salud, p\u00fablicos y privados, para verificar el cumplimiento de un conjunto de est\u00e1ndares de calidad establecidos por el Ministerio de Salud, para [&hellip;]<\/p>\n","protected":false},"author":8,"featured_media":0,"parent":0,"menu_order":0,"comment_status":"closed","ping_status":"closed","template":"","meta":{"_acf_changed":false,"_monsterinsights_skip_tracking":false,"_monsterinsights_sitenote_active":false,"_monsterinsights_sitenote_note":"","_monsterinsights_sitenote_category":0,"footnotes":""},"class_list":["post-11494","page","type-page","status-publish","hentry"],"acf":[],"publishpress_future_workflow_manual_trigger":{"enabledWorkflows":[]},"_links":{"self":[{"href":"https:\/\/hospitaldechillan.cl\/web\/wp-json\/wp\/v2\/pages\/11494","targetHints":{"allow":["GET"]}}],"collection":[{"href":"https:\/\/hospitaldechillan.cl\/web\/wp-json\/wp\/v2\/pages"}],"about":[{"href":"https:\/\/hospitaldechillan.cl\/web\/wp-json\/wp\/v2\/types\/page"}],"author":[{"embeddable":true,"href":"https:\/\/hospitaldechillan.cl\/web\/wp-json\/wp\/v2\/users\/8"}],"replies":[{"embeddable":true,"href":"https:\/\/hospitaldechillan.cl\/web\/wp-json\/wp\/v2\/comments?post=11494"}],"version-history":[{"count":0,"href":"https:\/\/hospitaldechillan.cl\/web\/wp-json\/wp\/v2\/pages\/11494\/revisions"}],"wp:attachment":[{"href":"https:\/\/hospitaldechillan.cl\/web\/wp-json\/wp\/v2\/media?parent=11494"}],"curies":[{"name":"wp","href":"https:\/\/api.w.org\/{rel}","templated":true}]}}